{"id":213,"date":"2020-04-17T17:53:27","date_gmt":"2020-04-17T17:53:27","guid":{"rendered":"https:\/\/startersites.io\/blocksy\/travel\/?page_id=213"},"modified":"2026-04-21T19:26:03","modified_gmt":"2026-04-21T17:26:03","slug":"nosotros","status":"publish","type":"page","link":"https:\/\/test.discoveringamericas.com\/en\/nosotros\/","title":{"rendered":"ABOUT US"},"content":{"rendered":"\t\t<div data-elementor-type=\"wp-page\" data-elementor-id=\"213\" class=\"elementor elementor-213\">\n\t\t\t\t\t\t<section class=\"elementor-section elementor-top-section elementor-element elementor-element-5b46ef6 ct-section-stretched elementor-section-boxed elementor-section-height-default elementor-section-height-default\" data-id=\"5b46ef6\" data-element_type=\"section\" data-e-type=\"section\" data-settings=\"{&quot;background_background&quot;:&quot;slideshow&quot;,&quot;background_slideshow_gallery&quot;:[{&quot;id&quot;:1188,&quot;url&quot;:&quot;https:\\\/\\\/test.discoveringamericas.com\\\/wp-content\\\/uploads\\\/2026\\\/04\\\/WhatsApp-Image-2026-04-06-at-10.57.09-AM.jpeg&quot;},{&quot;id&quot;:1196,&quot;url&quot;:&quot;https:\\\/\\\/test.discoveringamericas.com\\\/wp-content\\\/uploads\\\/2026\\\/04\\\/width_1600.jpg&quot;},{&quot;id&quot;:1187,&quot;url&quot;:&quot;https:\\\/\\\/test.discoveringamericas.com\\\/wp-content\\\/uploads\\\/2026\\\/04\\\/WhatsApp-Image-2026-04-06-at-10.57.09-AM-1.jpeg&quot;},{&quot;id&quot;:1186,&quot;url&quot;:&quot;https:\\\/\\\/test.discoveringamericas.com\\\/wp-content\\\/uploads\\\/2026\\\/04\\\/presentacion-famtrip-cochas-.png&quot;}],&quot;background_slideshow_loop&quot;:&quot;yes&quot;,&quot;background_slideshow_slide_duration&quot;:5000,&quot;background_slideshow_slide_transition&quot;:&quot;fade&quot;,&quot;background_slideshow_transition_duration&quot;:500}\">\n\t\t\t\t\t\t\t<div class=\"elementor-background-overlay\"><\/div>\n\t\t\t\t\t\t\t<div class=\"elementor-container elementor-column-gap-default\">\n\t\t\t\t\t<div class=\"elementor-column elementor-col-100 elementor-top-column elementor-element elementor-element-ef6f743 elementor-invisible\" data-id=\"ef6f743\" data-element_type=\"column\" data-e-type=\"column\" data-settings=\"{&quot;animation&quot;:&quot;fadeIn&quot;}\">\n\t\t\t<div class=\"elementor-widget-wrap elementor-element-populated\">\n\t\t\t\t\t\t<div class=\"elementor-element elementor-element-7be7e79 elementor-widget elementor-widget-heading\" data-id=\"7be7e79\" data-element_type=\"widget\" data-e-type=\"widget\" data-widget_type=\"heading.default\">\n\t\t\t\t\t<h2 class=\"elementor-heading-title elementor-size-default\">Nosotros<\/h2>\t\t\t\t<\/div>\n\t\t\t\t<div class=\"elementor-element elementor-element-9ac9c61 elementor-widget__width-initial elementor-widget-tablet__width-inherit elementor-widget elementor-widget-text-editor\" data-id=\"9ac9c61\" data-element_type=\"widget\" data-e-type=\"widget\" data-widget_type=\"text-editor.default\">\n\t\t\t\t\t\t\t\t\t<p>En Discovering Americas buscamos la excelencia en cada experiencia de viaje, conectando destinos, culturas y personas para crear momentos aut\u00e9nticos y memorables\u00a0<\/p>\t\t\t\t\t\t\t\t<\/div>\n\t\t\t\t\t<\/div>\n\t\t<\/div>\n\t\t\t\t\t<\/div>\n\t\t<\/section>\n\t\t<div class=\"elementor-element elementor-element-b300de9 e-flex e-con-boxed elementor-invisible e-con e-parent\" data-id=\"b300de9\" data-element_type=\"container\" data-e-type=\"container\" data-settings=\"{&quot;animation&quot;:&quot;fadeInUp&quot;}\">\n\t\t\t\t\t<div class=\"e-con-inner\">\n\t\t\t\t<div class=\"elementor-element elementor-element-c6d438c elementor-position-left elementor-vertical-align-middle elementor-widget__width-initial elementor-widget elementor-widget-image-box\" data-id=\"c6d438c\" data-element_type=\"widget\" data-e-type=\"widget\" data-widget_type=\"image-box.default\">\n\t\t\t\t\t<div class=\"elementor-image-box-wrapper\"><figure class=\"elementor-image-box-img\"><img fetchpriority=\"high\" decoding=\"async\" width=\"1772\" height=\"1772\" src=\"https:\/\/test.discoveringamericas.com\/wp-content\/uploads\/2026\/04\/Sandra-perfil-1.png\" class=\"attachment-full size-full wp-image-1180\" alt=\"\" srcset=\"https:\/\/test.discoveringamericas.com\/wp-content\/uploads\/2026\/04\/Sandra-perfil-1.png 1772w, https:\/\/test.discoveringamericas.com\/wp-content\/uploads\/2026\/04\/Sandra-perfil-1-300x300.png 300w, https:\/\/test.discoveringamericas.com\/wp-content\/uploads\/2026\/04\/Sandra-perfil-1-1024x1024.png 1024w, https:\/\/test.discoveringamericas.com\/wp-content\/uploads\/2026\/04\/Sandra-perfil-1-150x150.png 150w, https:\/\/test.discoveringamericas.com\/wp-content\/uploads\/2026\/04\/Sandra-perfil-1-768x768.png 768w, https:\/\/test.discoveringamericas.com\/wp-content\/uploads\/2026\/04\/Sandra-perfil-1-1536x1536.png 1536w, https:\/\/test.discoveringamericas.com\/wp-content\/uploads\/2026\/04\/Sandra-perfil-1-600x600.png 600w, https:\/\/test.discoveringamericas.com\/wp-content\/uploads\/2026\/04\/Sandra-perfil-1-100x100.png 100w\" sizes=\"(max-width: 1772px) 100vw, 1772px\" \/><\/figure><div class=\"elementor-image-box-content\"><h3 class=\"elementor-image-box-title\">SANDRA  RODR\u00cdGUEZ<\/h3><p class=\"elementor-image-box-description\">Sandra es el coraz\u00f3n y la mente detr\u00e1s de Mis Destinos. Con liderazgo visionario, experiencia y pasi\u00f3n por los viajes responsables, gu\u00eda al equipo hacia un prop\u00f3sito claro: transformar la manera en que exploramos el mundo<\/p><\/div><\/div>\t\t\t\t<\/div>\n\t\t\t\t<div class=\"elementor-element elementor-element-ee99339 elementor-position-left elementor-vertical-align-middle elementor-widget__width-initial elementor-widget elementor-widget-image-box\" data-id=\"ee99339\" data-element_type=\"widget\" data-e-type=\"widget\" data-widget_type=\"image-box.default\">\n\t\t\t\t\t<div class=\"elementor-image-box-wrapper\"><figure class=\"elementor-image-box-img\"><img decoding=\"async\" width=\"2362\" height=\"2362\" src=\"https:\/\/test.discoveringamericas.com\/wp-content\/uploads\/2026\/04\/wendy-perfil.png\" class=\"attachment-full size-full wp-image-1176\" alt=\"\" srcset=\"https:\/\/test.discoveringamericas.com\/wp-content\/uploads\/2026\/04\/wendy-perfil.png 2362w, https:\/\/test.discoveringamericas.com\/wp-content\/uploads\/2026\/04\/wendy-perfil-300x300.png 300w, https:\/\/test.discoveringamericas.com\/wp-content\/uploads\/2026\/04\/wendy-perfil-1024x1024.png 1024w, https:\/\/test.discoveringamericas.com\/wp-content\/uploads\/2026\/04\/wendy-perfil-150x150.png 150w, https:\/\/test.discoveringamericas.com\/wp-content\/uploads\/2026\/04\/wendy-perfil-768x768.png 768w, https:\/\/test.discoveringamericas.com\/wp-content\/uploads\/2026\/04\/wendy-perfil-1536x1536.png 1536w, https:\/\/test.discoveringamericas.com\/wp-content\/uploads\/2026\/04\/wendy-perfil-2048x2048.png 2048w, https:\/\/test.discoveringamericas.com\/wp-content\/uploads\/2026\/04\/wendy-perfil-600x600.png 600w, https:\/\/test.discoveringamericas.com\/wp-content\/uploads\/2026\/04\/wendy-perfil-100x100.png 100w\" sizes=\"(max-width: 2362px) 100vw, 2362px\" \/><\/figure><div class=\"elementor-image-box-content\"><h3 class=\"elementor-image-box-title\">WENDY NARVA\u00c9Z<\/h3><p class=\"elementor-image-box-description\">Wendy lidera con precisi\u00f3n y eficiencia la planificaci\u00f3n y ejecuci\u00f3n de todos los programas tur\u00edsticos. Con una visi\u00f3n estrat\u00e9gica y atenci\u00f3n al detalle, asegura que cada experiencia cumpla con los m\u00e1s altos est\u00e1ndares de calidad y sostenibilidad.\n<\/p><\/div><\/div>\t\t\t\t<\/div>\n\t\t\t\t\t<\/div>\n\t\t\t\t<\/div>\n\t\t<div class=\"elementor-element elementor-element-a16d136 e-flex e-con-boxed elementor-invisible e-con e-parent\" data-id=\"a16d136\" data-element_type=\"container\" data-e-type=\"container\" data-settings=\"{&quot;animation&quot;:&quot;fadeInLeft&quot;}\">\n\t\t\t\t\t<div class=\"e-con-inner\">\n\t\t\t\t<div class=\"elementor-element elementor-element-308598f elementor-position-left elementor-vertical-align-middle elementor-widget elementor-widget-image-box\" data-id=\"308598f\" data-element_type=\"widget\" data-e-type=\"widget\" data-widget_type=\"image-box.default\">\n\t\t\t\t\t<div class=\"elementor-image-box-wrapper\"><figure class=\"elementor-image-box-img\"><img decoding=\"async\" width=\"1772\" height=\"1073\" src=\"https:\/\/test.discoveringamericas.com\/wp-content\/uploads\/2026\/03\/cotopaxi.png\" class=\"attachment-full size-full wp-image-1034\" alt=\"\" srcset=\"https:\/\/test.discoveringamericas.com\/wp-content\/uploads\/2026\/03\/cotopaxi.png 1772w, https:\/\/test.discoveringamericas.com\/wp-content\/uploads\/2026\/03\/cotopaxi-300x182.png 300w, https:\/\/test.discoveringamericas.com\/wp-content\/uploads\/2026\/03\/cotopaxi-1024x620.png 1024w, https:\/\/test.discoveringamericas.com\/wp-content\/uploads\/2026\/03\/cotopaxi-768x465.png 768w, https:\/\/test.discoveringamericas.com\/wp-content\/uploads\/2026\/03\/cotopaxi-1536x930.png 1536w, https:\/\/test.discoveringamericas.com\/wp-content\/uploads\/2026\/03\/cotopaxi-600x363.png 600w\" sizes=\"(max-width: 1772px) 100vw, 1772px\" \/><\/figure><div class=\"elementor-image-box-content\"><h3 class=\"elementor-image-box-title\">SOBRE NOSOTROS<\/h3><p class=\"elementor-image-box-description\">En Discovering Americas, creamos experiencias de viaje \u00fanicas, aut\u00e9nticas, transformadoras y memorables que conectan a sus pasajeros con la cultura local.\n\nContribuimos al crecimiento del turismo en Am\u00e9rica Latina, incrementando el n\u00famero de viajeros a destinos no tradicionales.\n\nDesarrollamos pr\u00e1cticas de Comercio Justo con las comunidades locales y contribuimos de forma directa y real a su crecimiento.\n\nTrabajamos para reducir la huella de carbono en nuestros viajes. Motivamos a nuestros clientes a compensarla con contribuciones a la restauraci\u00f3n y conservaci\u00f3n de los bosques..<\/p><\/div><\/div>\t\t\t\t<\/div>\n\t\t\t\t\t<\/div>\n\t\t\t\t<\/div>\n\t\t<div class=\"elementor-element elementor-element-bd60db2 e-flex e-con-boxed elementor-invisible e-con e-parent\" data-id=\"bd60db2\" data-element_type=\"container\" data-e-type=\"container\" data-settings=\"{&quot;animation&quot;:&quot;fadeInRight&quot;}\">\n\t\t\t\t\t<div class=\"e-con-inner\">\n\t\t\t\t<div class=\"elementor-element elementor-element-9facf5f elementor-position-right elementor-vertical-align-middle elementor-widget elementor-widget-image-box\" data-id=\"9facf5f\" data-element_type=\"widget\" data-e-type=\"widget\" data-widget_type=\"image-box.default\">\n\t\t\t\t\t<div class=\"elementor-image-box-wrapper\"><figure class=\"elementor-image-box-img\"><img loading=\"lazy\" decoding=\"async\" width=\"2362\" height=\"1434\" src=\"https:\/\/test.discoveringamericas.com\/wp-content\/uploads\/2026\/04\/Sin-titulo-3-4.png\" class=\"attachment-full size-full wp-image-1703\" alt=\"\" srcset=\"https:\/\/test.discoveringamericas.com\/wp-content\/uploads\/2026\/04\/Sin-titulo-3-4.png 2362w, https:\/\/test.discoveringamericas.com\/wp-content\/uploads\/2026\/04\/Sin-titulo-3-4-300x182.png 300w, https:\/\/test.discoveringamericas.com\/wp-content\/uploads\/2026\/04\/Sin-titulo-3-4-1024x622.png 1024w, https:\/\/test.discoveringamericas.com\/wp-content\/uploads\/2026\/04\/Sin-titulo-3-4-768x466.png 768w, https:\/\/test.discoveringamericas.com\/wp-content\/uploads\/2026\/04\/Sin-titulo-3-4-1536x933.png 1536w, https:\/\/test.discoveringamericas.com\/wp-content\/uploads\/2026\/04\/Sin-titulo-3-4-2048x1243.png 2048w, https:\/\/test.discoveringamericas.com\/wp-content\/uploads\/2026\/04\/Sin-titulo-3-4-600x364.png 600w\" sizes=\"(max-width: 2362px) 100vw, 2362px\" \/><\/figure><div class=\"elementor-image-box-content\"><h3 class=\"elementor-image-box-title\">C\u00d3MO EMPEZ\u00d3 NUESTRA AVENTURA<\/h3><p class=\"elementor-image-box-description\">Llevamos m\u00e1s de dos d\u00e9cadas en la industria hotelera y tur\u00edstica. Colaboramos con importantes cadenas hoteleras y empresas locales y regionales en Ecuador. Fuimos colegas, clientes, proveedores, pero en general, somos amigos.\n\nAmigos que compartimos la misma visi\u00f3n, hablamos sobre emprendimiento, calidad y autenticidad, y nos dimos cuenta de que la mayor\u00eda de las empresas de viajes no son el multiplicador de riqueza que se supone que es el turismo. La mayor\u00eda solo incluyen visitas breves a las comunidades locales y dejan solo una peque\u00f1a parte, o en la mayor\u00eda de los casos nada.\n\nDecidimos entonces que nuestra empresa fuera un verdadero generador de bienestar para los peque\u00f1os proveedores y comunidades involucradas en la actividad tur\u00edstica.\n\nFundamos Discovering Americas con el prop\u00f3sito de hacer realidad el sue\u00f1o de quienes buscan experiencias \u00fanicas en este diverso y colorido continente.<\/p><\/div><\/div>\t\t\t\t<\/div>\n\t\t\t\t\t<\/div>\n\t\t\t\t<\/div>\n\t\t<div class=\"elementor-element elementor-element-75808ff e-flex e-con-boxed e-con e-parent\" data-id=\"75808ff\" data-element_type=\"container\" data-e-type=\"container\">\n\t\t\t\t\t<div class=\"e-con-inner\">\n\t\t\t\t\t\t\t<h2 \n\t\tdata-interaction-id=\"39fdfce\" \n\t\tclass=\"e-39fdfce-c2a06af e-heading-base\" \n\t\t \n\t\t\n\t>\n\t\n\t\t\tNUESTROS SOCIOS\n\t\t<\/h2>\n\t\t\t\t\t<\/div>\n\t\t\t\t<\/div>\n\t\t<div class=\"elementor-element elementor-element-470a9108 e-flex e-con-boxed e-con e-parent\" data-id=\"470a9108\" data-element_type=\"container\" data-e-type=\"container\">\n\t\t\t\t\t<div class=\"e-con-inner\">\n\t\t\t\t<div class=\"elementor-element elementor-element-fd53833 elementor-widget__width-initial elementor-pagination-position-outside elementor-invisible elementor-widget elementor-widget-image-carousel\" data-id=\"fd53833\" data-element_type=\"widget\" data-e-type=\"widget\" data-settings=\"{&quot;slides_to_show&quot;:&quot;4&quot;,&quot;navigation&quot;:&quot;dots&quot;,&quot;speed&quot;:700,&quot;image_spacing_custom&quot;:{&quot;unit&quot;:&quot;px&quot;,&quot;size&quot;:95,&quot;sizes&quot;:[]},&quot;_animation&quot;:&quot;fadeIn&quot;,&quot;autoplay&quot;:&quot;yes&quot;,&quot;autoplay_speed&quot;:5000,&quot;infinite&quot;:&quot;yes&quot;,&quot;image_spacing_custom_tablet&quot;:{&quot;unit&quot;:&quot;px&quot;,&quot;size&quot;:&quot;&quot;,&quot;sizes&quot;:[]},&quot;image_spacing_custom_mobile&quot;:{&quot;unit&quot;:&quot;px&quot;,&quot;size&quot;:&quot;&quot;,&quot;sizes&quot;:[]}}\" data-widget_type=\"image-carousel.default\">\n\t\t\t\t\t\t\t<div class=\"elementor-image-carousel-wrapper swiper\" role=\"region\" aria-roledescription=\"carousel\" aria-label=\"Carrusel de im\u00e1genes\" dir=\"ltr\">\n\t\t\t<div class=\"elementor-image-carousel swiper-wrapper\" aria-live=\"off\">\n\t\t\t\t\t\t\t\t<div class=\"swiper-slide\" role=\"group\" aria-roledescription=\"slide\" aria-label=\"1 de 9\"><figure class=\"swiper-slide-inner\"><img decoding=\"async\" class=\"swiper-slide-image\" src=\"https:\/\/test.discoveringamericas.com\/wp-content\/uploads\/2026\/04\/logo-7.png\" alt=\"logo 7\" \/><\/figure><\/div><div class=\"swiper-slide\" role=\"group\" aria-roledescription=\"slide\" aria-label=\"2 de 9\"><figure class=\"swiper-slide-inner\"><img decoding=\"async\" class=\"swiper-slide-image\" src=\"https:\/\/test.discoveringamericas.com\/wp-content\/uploads\/2026\/04\/logo-8.png\" alt=\"logo 8\" \/><\/figure><\/div><div class=\"swiper-slide\" role=\"group\" aria-roledescription=\"slide\" aria-label=\"3 de 9\"><figure class=\"swiper-slide-inner\"><img decoding=\"async\" class=\"swiper-slide-image\" src=\"https:\/\/test.discoveringamericas.com\/wp-content\/uploads\/2026\/04\/logo-9.png\" alt=\"logo 9\" \/><\/figure><\/div><div class=\"swiper-slide\" role=\"group\" aria-roledescription=\"slide\" aria-label=\"4 de 9\"><figure class=\"swiper-slide-inner\"><img decoding=\"async\" class=\"swiper-slide-image\" src=\"https:\/\/test.discoveringamericas.com\/wp-content\/uploads\/2026\/04\/logo-1.png\" alt=\"logo 1\" \/><\/figure><\/div><div class=\"swiper-slide\" role=\"group\" aria-roledescription=\"slide\" aria-label=\"5 de 9\"><figure class=\"swiper-slide-inner\"><img decoding=\"async\" class=\"swiper-slide-image\" src=\"https:\/\/test.discoveringamericas.com\/wp-content\/uploads\/2026\/04\/logo-2.png\" alt=\"logo 2\" \/><\/figure><\/div><div class=\"swiper-slide\" role=\"group\" aria-roledescription=\"slide\" aria-label=\"6 de 9\"><figure class=\"swiper-slide-inner\"><img decoding=\"async\" class=\"swiper-slide-image\" src=\"https:\/\/test.discoveringamericas.com\/wp-content\/uploads\/2026\/04\/logo-5.png\" alt=\"logo 5\" \/><\/figure><\/div><div class=\"swiper-slide\" role=\"group\" aria-roledescription=\"slide\" aria-label=\"7 de 9\"><figure class=\"swiper-slide-inner\"><img decoding=\"async\" class=\"swiper-slide-image\" src=\"https:\/\/test.discoveringamericas.com\/wp-content\/uploads\/2026\/04\/logo-4.png\" alt=\"logo 4\" \/><\/figure><\/div><div class=\"swiper-slide\" role=\"group\" aria-roledescription=\"slide\" aria-label=\"8 de 9\"><figure class=\"swiper-slide-inner\"><img decoding=\"async\" class=\"swiper-slide-image\" src=\"https:\/\/test.discoveringamericas.com\/wp-content\/uploads\/2026\/04\/logo-6.png\" alt=\"logo 6\" \/><\/figure><\/div><div class=\"swiper-slide\" role=\"group\" aria-roledescription=\"slide\" aria-label=\"9 de 9\"><figure class=\"swiper-slide-inner\"><img decoding=\"async\" class=\"swiper-slide-image\" src=\"https:\/\/test.discoveringamericas.com\/wp-content\/uploads\/2026\/04\/logo-3.png\" alt=\"logo 3\" \/><\/figure><\/div>\t\t\t<\/div>\n\t\t\t\t\t\t\t\n\t\t\t\t\t\t\t\t\t<div class=\"swiper-pagination\"><\/div>\n\t\t\t\t\t\t\t\t\t<\/div>\n\t\t\t\t\t\t<\/div>\n\t\t\t\t\t<\/div>\n\t\t\t\t<\/div>\n\t\t\t\t<\/div>\n\t\t","protected":false},"excerpt":{"rendered":"<p>Nosotros En Discovering Americas buscamos la excelencia en cada experiencia de viaje, conectando destinos, culturas y personas para crear momentos aut\u00e9nticos y memorables\u00a0 SANDRA RODR\u00cdGUEZ Sandra es el coraz\u00f3n y la mente detr\u00e1s de Mis Destinos. Con liderazgo visionario, experiencia y pasi\u00f3n por los viajes responsables, gu\u00eda al equipo hacia un prop\u00f3sito claro: transformar la [&hellip;]<\/p>\n","protected":false},"author":1,"featured_media":0,"parent":0,"menu_order":0,"comment_status":"closed","ping_status":"closed","template":"","meta":{"_eb_attr":"","_joinchat":[],"footnotes":""},"class_list":["post-213","page","type-page","status-publish","hentry"],"blocksy_meta":{"page_title_panel":"","has_hero_section":"disabled","3d15bb4bba334a243b0125b3bea35be1":"","hero_section":"type-1","hero_elements":[{"id":"custom_title","enabled":true},{"id":"breadcrumbs","enabled":false},{"id":"custom_description","enabled":true,"description_visibility":{"desktop":true,"tablet":true,"mobile":false}},{"id":"custom_meta","enabled":true,"single_meta_elements":{"author":false,"date":false,"categories":false,"comments":false,"updated":false,"tags":false},"page_meta_elements":{"joined":true,"articles_count":true,"comments":true}}],"d313c8e62ef5f1de11b0cefe464d030e":"","hero_alignment1":"left","hero_alignment2":"center","hero_height":"230px","page_title_bg_type":"color","custom_hero_background":{"attachment_id":null},"parallax":{"desktop":false,"tablet":false,"mobile":false},"pageTitleFont":{"family":"Default","variation":"Default","size":{"desktop":"32px","tablet":"30px","mobile":"25px"},"line-height":"1.3","letter-spacing":"CT_CSS_SKIP_RULE","text-transform":"CT_CSS_SKIP_RULE","text-decoration":"CT_CSS_SKIP_RULE"},"pageTitleFontColor":{"default":{"color":"CT_CSS_SKIP_RULEDEFAULT"}},"pageMetaFont":{"family":"Default","variation":"n6","size":{"desktop":"12px","tablet":"12px","mobile":"12px"},"line-height":"1.3","letter-spacing":"CT_CSS_SKIP_RULE","text-transform":"uppercase","text-decoration":"CT_CSS_SKIP_RULE"},"pageMetaFontColor":{"default":{"color":"CT_CSS_SKIP_RULEDEFAULT"},"hover":{"color":"CT_CSS_SKIP_RULEDEFAULT"}},"pageExcerptFont":{"family":"Default","variation":"n5","size":"CT_CSS_SKIP_RULE","line-height":"CT_CSS_SKIP_RULE","letter-spacing":"CT_CSS_SKIP_RULE","text-transform":"CT_CSS_SKIP_RULE","text-decoration":"CT_CSS_SKIP_RULE"},"pageExcerptColor":{"default":{"color":"CT_CSS_SKIP_RULEDEFAULT"}},"breadcrumbsFont":{"family":"Default","variation":"n6","size":"12px","line-height":"CT_CSS_SKIP_RULE","letter-spacing":"CT_CSS_SKIP_RULE","text-transform":"uppercase","text-decoration":"CT_CSS_SKIP_RULE"},"breadcrumbsFontColor":{"default":{"color":"CT_CSS_SKIP_RULEDEFAULT"},"initial":{"color":"CT_CSS_SKIP_RULEDEFAULT"},"hover":{"color":"CT_CSS_SKIP_RULEDEFAULT"}},"pageTitleOverlay":{"default":{"color":"rgba(41, 51, 60, 0.2)"}},"pageTitleBackground":{"background_type":"color","background_pattern":"type-1","background_image":{"attachment_id":null,"x":0,"y":0},"background_repeat":"no-repeat","background_size":"auto","background_attachment":"scroll","patternColor":{"default":{"color":"#e5e7ea"}},"backgroundColor":{"default":{"color":"#EDEFF2"}}},"2e401624050e2b4d7ad96e4de4418ff3":"","page_structure_type":"default","page_enable_vertical_spacing":"no","d80e26b6a2615bd883bfd17d2870971e":"","disable_featured_image":"no","78e71bdf393c3d876f2795e1e5b64b1f":"","51df3030fd71840222bbcdecbc3146d4":"","hero_structure":"narrow","262bdd9221ebae1fdff1994ed7af1075":"","content_style":"inherit","vertical_spacing_source":"custom","content_area_spacing":"none","background":{"background_type":"color","background_pattern":"type-1","background_image":{"attachment_id":null,"x":0,"y":0},"background_repeat":"no-repeat","background_size":"auto","background_attachment":"scroll","patternColor":{"default":{"color":"#e5e7ea"}},"backgroundColor":{"default":{"color":"CT_CSS_SKIP_RULE"}}},"content_background":{"background_type":"color","background_pattern":"type-1","background_image":{"attachment_id":null,"x":0,"y":0},"background_repeat":"no-repeat","background_size":"auto","background_attachment":"scroll","patternColor":{"default":{"color":"#e5e7ea"}},"backgroundColor":{"default":{"color":"#ffffff"}}},"content_boxed_spacing":{"desktop":"40px","tablet":"35px","mobile":"20px"},"content_boxed_radius":{"top":"3px","bottom":"3px","left":"3px","right":"3px","linked":true},"content_boxed_shadow":{"blur":18,"spread":-6,"v_offset":12,"h_offset":0,"inset":false,"enable":true,"color":{"color":"rgba(34, 56, 101, 0.04)"}},"67fd60e80e179b72afa5d6a407e85b29":"","styles_descriptor":{"styles":{"desktop":"","tablet":"","mobile":""},"google_fonts":[],"version":6}},"_links":{"self":[{"href":"https:\/\/test.discoveringamericas.com\/en\/wp-json\/wp\/v2\/pages\/213","targetHints":{"allow":["GET"]}}],"collection":[{"href":"https:\/\/test.discoveringamericas.com\/en\/wp-json\/wp\/v2\/pages"}],"about":[{"href":"https:\/\/test.discoveringamericas.com\/en\/wp-json\/wp\/v2\/types\/page"}],"author":[{"embeddable":true,"href":"https:\/\/test.discoveringamericas.com\/en\/wp-json\/wp\/v2\/users\/1"}],"replies":[{"embeddable":true,"href":"https:\/\/test.discoveringamericas.com\/en\/wp-json\/wp\/v2\/comments?post=213"}],"version-history":[{"count":21,"href":"https:\/\/test.discoveringamericas.com\/en\/wp-json\/wp\/v2\/pages\/213\/revisions"}],"predecessor-version":[{"id":1776,"href":"https:\/\/test.discoveringamericas.com\/en\/wp-json\/wp\/v2\/pages\/213\/revisions\/1776"}],"wp:attachment":[{"href":"https:\/\/test.discoveringamericas.com\/en\/wp-json\/wp\/v2\/media?parent=213"}],"curies":[{"name":"wp","href":"https:\/\/api.w.org\/{rel}","templated":true}]}}