{"id":1794,"date":"2026-04-22T17:08:17","date_gmt":"2026-04-22T15:08:17","guid":{"rendered":"https:\/\/test.discoveringamericas.com\/?page_id=1794"},"modified":"2026-04-22T17:18:57","modified_gmt":"2026-04-22T15:18:57","slug":"condiciones-y-politicas","status":"publish","type":"page","link":"https:\/\/test.discoveringamericas.com\/en\/condiciones-y-politicas\/","title":{"rendered":"condiciones y pol\u00edticas"},"content":{"rendered":"<div data-elementor-type=\"wp-page\" data-elementor-id=\"1794\" class=\"elementor elementor-1794\">\n\t\t\t\t<div class=\"elementor-element elementor-element-75808ff e-flex e-con-boxed e-con e-parent\" data-id=\"75808ff\" data-element_type=\"container\" data-e-type=\"container\">\n\t\t\t\t\t<div class=\"e-con-inner\">\n\t\t\t\t\t\t\t<h2 \n\t\tdata-interaction-id=\"39fdfce\" \n\t\tclass=\"e-39fdfce-c2a06af e-heading-base\" \n\t\t \n\t\t\n\t>\n\t\n\t\t\tCONDICIONES Y POL\u00cdTICAS\n\t\t<\/h2>\n\t\t\t\t\t<\/div>\n\t\t\t\t<\/div>\n\t\t<div class=\"elementor-element elementor-element-7c4b446 e-flex e-con-boxed e-con e-parent\" data-id=\"7c4b446\" data-element_type=\"container\" data-e-type=\"container\">\n\t\t\t\t\t<div class=\"e-con-inner\">\n\t\t\t\t\t\t\t<h2 \n\t\tdata-interaction-id=\"c7a5d77\" \n\t\tclass=\"e-c7a5d77-90fc3a9 e-heading-base\" \n\t\t \n\t\t\n\t>\n\t\n\t\t\t<strong>Todos los programas e itinerarios son v\u00e1lidos hasta el 31 de diciembre de 2025. Los precios est\u00e1n sujetos a disponibilidad (Cont\u00e1ctenos para obtener m\u00e1s informaci\u00f3n).<\/strong>\n\t\t<\/h2>\n\t\t\t\t\t\t\t<h2 \n\t\tdata-interaction-id=\"39a9de4\" \n\t\tclass=\"e-39a9de4-caf8d06 e-heading-base\" \n\t\t \n\t\t\n\t>\n\t\n\t\t\t<strong>Responsabilidad<\/strong>\n\t\t<\/h2>\n\t\t\t\t\t<\/div>\n\t\t\t\t<\/div>\n\t\t<div class=\"elementor-element elementor-element-5f4bbcb e-flex e-con-boxed e-con e-parent\" data-id=\"5f4bbcb\" data-element_type=\"container\" data-e-type=\"container\">\n\t\t\t\t\t<div class=\"e-con-inner\">\n\t\t\t\t\t\t\t\t<p class=\"e-paragraph-base\" data-interaction-id=\"4061a5b\"  >\n\t\t\t\t\t\t\t\tLa descripci\u00f3n del programa debe ser considerada bajo condiciones ideales, Discovering Americas y\/o cualquiera de sus agentes no reclamar\u00e1n ninguna responsabilidad por lesiones, da\u00f1os, p\u00e9rdidas, gastos adicionales, retrasos accidentales u otras irregularidades que puedan ser causadas ya sea por actos u omisiones intencionales o negligentes de parte de empresas o individuos que brindan o participan en el transporte, alojamiento u otros servicios relacionados con la ejecuci\u00f3n del tour, o por calamidades naturales y otros factores fuera de su control.<br>Haremos todo lo posible por cumplir con el programa. Si esto no es posible, se informar\u00e1 al viajero de inmediato.<br>Discovering Americas se reserva el derecho de cambiar cualquier tour si lo considera necesario para brindar un mejor servicio a sus clientes.<br>Todos los servicios que ofrece Discovering Americas se detallan en la descripci\u00f3n del programa. Cualquier servicio no especificado en el programa o que se indique como no incluido en nuestros servicios deber\u00e1 ser asumido por el cliente.<br>Es responsabilidad del viajero asegurarse de que sus documentos de viaje: Documento de Identidad o Pasaporte est\u00e9n vigentes, verificar si requiere visa de ingreso al pa\u00eds y verificar la franquicia de equipaje permitida por las aerol\u00edneas (cualquier cargo extra deber\u00e1 ser pagado por el cliente).<br>Discovering Americas y sus afiliados no son responsables de ning\u00fan costo adicional o suplemento causado por:<br>\u2013 Vuelos retrasados \u200b\u200bo cancelados, transporte mar\u00edtimo, terrestre, lacustre o fluvial, por cambios de horario, condiciones clim\u00e1ticas adversas, desastres naturales, huelgas o gobierno civil, casos de fuerza mayor,<br>\u2013 El retraso o p\u00e9rdida del equipaje debido a las compa\u00f1\u00edas a\u00e9reas que operan vuelos internacionales o nacionales en nuestros pa\u00edses de operaci\u00f3n.<br>\u2013 En caso de enfermedad de un pasajero, recomendamos encarecidamente consultar con su m\u00e9dico antes de viajar.<br>Los precios est\u00e1n sujetos a ajustes en caso de cualquier cambio, sin previo aviso.<br>Discovering Americas recomienda encarecidamente que los clientes contraten un seguro de viaje para evitar p\u00e9rdidas financieras en caso de inconvenientes.\n\t\t\t\t\t<\/p>\n\t\t\t\t\t\t\t<h2 \n\t\tdata-interaction-id=\"0fc8ab4\" \n\t\tclass=\"e-0fc8ab4-30eea2f e-heading-base\" \n\t\t \n\t\t\n\t>\n\t\n\t\t\t<strong>Condiciones de Reserva y Cancelaci\u00f3n.<\/strong>\n\t\t<\/h2>\n\t\t\t\t\t\t\t<h2 \n\t\tdata-interaction-id=\"a53d4cc\" \n\t\tclass=\"e-a53d4cc-3290900 e-heading-base\" \n\t\t \n\t\t\n\t>\n\t\n\t\t\t<strong>C\u00f3mo reservar servicios terrestres<\/strong>\n\t\t<\/h2>\n\t\t\t\t\t\t\t\t<p class=\"e-0c27032-c6e859d e-paragraph-base\" data-interaction-id=\"0c27032\"  >\n\t\t\t\t\t\t\t\tPara reservar servicios, necesitaremos la siguiente informaci\u00f3n de los pasajeros:<br>\u2022 Nombres y apellidos del(los) pasajero(s) tal como aparecen escritos en su pasaporte.<br>\u2022 Fecha de nacimiento<br>\u2022 N\u00famero de pasaporte (Los viajeros deben estar en posesi\u00f3n de un pasaporte con una validez m\u00ednima de seis meses despu\u00e9s de la fecha de regreso.<br>\u2022 Nacionalidad<br>\u2022 Informaci\u00f3n de vuelos internacionales (n\u00famero de vuelo, horario).<br><br>Es importante mencionar que los nombres y apellidos deben ser exactos como aparecen en el pasaporte, en caso de errores se aplicar\u00e1n penalidades por cambio de nombre y en algunos casos se requerir\u00e1 emitir un nuevo boleto al mejor precio disponible.\n\t\t\t\t\t<\/p>\n\t\t\t\t\t\t\t<h2 \n\t\tdata-interaction-id=\"8d534f7\" \n\t\tclass=\"e-8d534f7-e2d30ce e-heading-base\" \n\t\t \n\t\t\n\t>\n\t\n\t\t\t<strong>Condiciones de pago<\/strong>\n\t\t<\/h2>\n\t\t\t\t\t\t\t<h2 \n\t\tdata-interaction-id=\"1b48ea9\" \n\t\tclass=\"e-1b48ea9-8f6d941 e-heading-base\" \n\t\t \n\t\t\n\t>\n\t\n\t\t\t<strong>Para FIT\u2019S<\/strong>\n\t\t<\/h2>\n\t\t\t\t\t\t\t\t<p class=\"e-6247a8a-fac5af8 e-paragraph-base\" data-interaction-id=\"6247a8a\"  >\n\t\t\t\t\t\t\t\t\u2013 Se deber\u00e1 abonar un dep\u00f3sito del 30% del total de la factura al momento de la reserva.<br>\u2013 Saldo requerido 45 d\u00edas antes de la llegada de los pasajeros.\n\t\t\t\t\t<\/p>\n\t\t\t\t\t\t\t<h2 \n\t\tdata-interaction-id=\"0fd5d94\" \n\t\tclass=\"e-0fd5d94-0164b06 e-heading-base\" \n\t\t \n\t\t\n\t>\n\t\n\t\t\t<strong>Para GRUPOS (a partir de 10 personas)<\/strong>\n\t\t<\/h2>\n\t\t\t\t\t\t\t\t<p class=\"e-d1db636-f01986e e-paragraph-base\" data-interaction-id=\"d1db636\"  >\n\t\t\t\t\t\t\t\t\u2013 Se deber\u00e1 abonar un dep\u00f3sito del 40% del total de la factura al momento de la reserva.<br>\u2013 Se requiere un dep\u00f3sito del 30% 90 d\u00edas antes de la llegada de los clientes.<br>\u2013 El 30% del saldo junto con el rooming list correspondiente deber\u00e1 enviarse 30 d\u00edas antes de la llegada del grupo.\n\t\t\t\t\t<\/p>\n\t\t\t\t\t\t\t<h2 \n\t\tdata-interaction-id=\"7b6932c\" \n\t\tclass=\"e-7b6932c-7431ef2 e-heading-base\" \n\t\t \n\t\t\n\t>\n\t\n\t\t\t<strong>Condiciones de cancelaci\u00f3n<\/strong>\n\t\t<\/h2>\n\t\t\t\t\t\t\t<h2 \n\t\tdata-interaction-id=\"3443330\" \n\t\tclass=\"e-3443330-8933204 e-heading-base\" \n\t\t \n\t\t\n\t>\n\t\n\t\t\t<strong>Para FITS&nbsp;<\/strong>\n\t\t<\/h2>\n\t\t\t\t\t\t\t\t<p class=\"e-12dcfeb-1394dcf e-paragraph-base\" data-interaction-id=\"12dcfeb\"  >\n\t\t\t\t\t\t\t\t\u2013 61 d\u00edas antes de la llegada del pasajero, no se cobrar\u00e1n cargos por cancelaci\u00f3n.<br>\u2013 Entre 60 d\u00edas y 31 d\u00edas antes de la llegada se cobrar\u00e1 el 50% del importe total.<br>\u2013 Entre 30 d\u00edas y 16 d\u00edas antes de la llegada se cobrar\u00e1 un cargo por cancelaci\u00f3n del 75%.<br>\u2013 15 d\u00edas antes de la llegada se cobrar\u00e1 un cargo por cancelaci\u00f3n del 100%\n\t\t\t\t\t<\/p>\n\t\t\t\t\t\t\t<h2 \n\t\tdata-interaction-id=\"2b89963\" \n\t\tclass=\"e-2b89963-2ff136b e-heading-base\" \n\t\t \n\t\t\n\t>\n\t\n\t\t\t<strong>Para GRUPOS<\/strong>\n\t\t<\/h2>\n\t\t\t\t\t\t\t\t<p class=\"e-7385045-c8b8c09 e-paragraph-base\" data-interaction-id=\"7385045\"  >\n\t\t\t\t\t\t\t\t\u2013 61 d\u00edas antes de la llegada del grupo, no habr\u00e1 cargos por cancelaci\u00f3n.<br>\u2013 Entre 60 y 31 d\u00edas antes de la llegada del grupo se cobrar\u00e1 un cargo por cancelaci\u00f3n del 50%.<br>\u2013 30 d\u00edas o menos, se cobrar\u00e1 un cargo por cancelaci\u00f3n del 100%.\n\t\t\t\t\t<\/p>\n\t\t\t\t\t\t\t<h2 \n\t\tdata-interaction-id=\"9c627a7\" \n\t\tclass=\"e-9c627a7-7b6ddd4 e-heading-base\" \n\t\t \n\t\t\n\t>\n\t\n\t\t\t<strong>Condiciones espec\u00edficas de reserva y pago para servicios y cruceros en Gal\u00e1pagos, Amazon Lodges&nbsp;.<\/strong>\n\t\t<\/h2>\n\t\t\t\t\t\t\t\t<p class=\"e-d64d86e-91cb56e e-paragraph-base\" data-interaction-id=\"d64d86e\"  >\n\t\t\t\t\t\t\t\tUna solicitud puede estar en opci\u00f3n (seg\u00fan disponibilidad) durante una semana al momento de la solicitud. Transcurrido este plazo, y sin notificaci\u00f3n (solicitud de pr\u00f3rroga, confirmaci\u00f3n o cancelaci\u00f3n), la opci\u00f3n se liberar\u00e1 autom\u00e1ticamente. Es posible renovar la opci\u00f3n, sujeto a disponibilidad.<br>\u2013 Para garantizar la reserva de las opciones concedidas, se deber\u00e1 abonar de forma inmediata un pago inicial del 30 % del importe total por persona.<br>\u2013 Para las reservas realizadas con 60 d\u00edas o menos de antelaci\u00f3n a la fecha de inicio de los servicios, el pago TOTAL deber\u00e1 realizarse al momento de la reserva.&nbsp;&nbsp;&nbsp;\n\t\t\t\t\t<\/p>\n\t\t\t\t\t\t\t<h2 \n\t\tdata-interaction-id=\"57b0634\" \n\t\tclass=\"e-57b0634-47e7c48 e-heading-base\" \n\t\t \n\t\t\n\t>\n\t\n\t\t\t<strong>Condiciones de cancelaci\u00f3n<\/strong>\n\t\t<\/h2>\n\t\t\t\t\t\t\t\t<p class=\"e-e5e6cb2-8dc6ddc e-paragraph-base\" data-interaction-id=\"e5e6cb2\"  >\n\t\t\t\t\t\t\t\tLe enviaremos las condiciones de cancelaci\u00f3n espec\u00edficas para estos productos en el momento de la reserva.\n\t\t\t\t\t<\/p>\n\t\t\t\t\t\t\t<h2 \n\t\tdata-interaction-id=\"d496289\" \n\t\tclass=\"e-d496289-db14a23 e-heading-base\" \n\t\t \n\t\t\n\t>\n\t\n\t\t\t<strong>Casos especiales: vuelos a\u00e9reos<\/strong>\n\t\t<\/h2>\n\t\t\t\t\t\t\t\t<p class=\"e-b72eede-9e7bd65 e-paragraph-base\" data-interaction-id=\"b72eede\"  >\n\t\t\t\t\t\t\t\tLos vuelos nacionales deber\u00e1n ser adquiridos por Discovering Americas para garantizar la log\u00edstica del programa. Los operadores locales de Gal\u00e1pagos podr\u00edan aplicar penalizaciones si los clientes emiten los boletos directamente.<br>Las tarifas a\u00e9reas, tanto nacionales como internacionales, est\u00e1n sujetas a disponibilidad al momento de la reserva. Las tarifas son de referencia y est\u00e1n sujetas a cambios seg\u00fan las condiciones de la aerol\u00ednea.<br>Una vez emitidos los boletos, estos no son reembolsables ni transferibles, en caso de cambios se aplicar\u00e1n cargos por cancelaci\u00f3n seg\u00fan las pol\u00edticas establecidas por la aerol\u00ednea.<br><br>Aviso importante: DISCOVERING AMERICAS recomienda encarecidamente a los pasajeros que obtengan un seguro de cancelaci\u00f3n de viaje antes de la salida.\n\t\t\t\t\t<\/p>\n\t\t\t\t\t\t\t<h2 \n\t\tdata-interaction-id=\"a766997\" \n\t\tclass=\"e-a766997-44ba72b e-heading-base\" \n\t\t \n\t\t\n\t>\n\t\n\t\t\t<strong>Quejas<\/strong>\n\t\t<\/h2>\n\t\t\t\t\t\t\t\t<p class=\"e-85e3171-a4d1d37 e-paragraph-base\" data-interaction-id=\"85e3171\"  >\n\t\t\t\t\t\t\t\tToda reclamaci\u00f3n por no ejecuci\u00f3n o mala ejecuci\u00f3n del contrato de viaje deber\u00e1 ser se\u00f1alizada directamente a nuestros gu\u00edas o al receptivo local, para que puedan aportar una soluci\u00f3n al problema si es posible.<br>Las reclamaciones sobre el desarrollo del viaje deber\u00e1n sernos entregadas lo antes posible por carta certificada con acuse de recibo de los justificantes adjuntos o por correo electr\u00f3nico.\n\t\t\t\t\t<\/p>\n\t\t\t\t\t<\/div>\n\t\t\t\t<\/div>\n\t\t\t\t<\/div>","protected":false},"excerpt":{"rendered":"<p>CONDICIONES Y POL\u00cdTICAS Todos los programas e itinerarios son v\u00e1lidos hasta el 31 de diciembre de 2025. Los precios est\u00e1n sujetos a disponibilidad (Cont\u00e1ctenos para obtener m\u00e1s informaci\u00f3n). Responsabilidad La descripci\u00f3n del programa debe ser considerada bajo condiciones ideales, Discovering Americas y\/o cualquiera de sus agentes no reclamar\u00e1n ninguna responsabilidad por lesiones, da\u00f1os, p\u00e9rdidas, gastos [&hellip;]<\/p>\n","protected":false},"author":1,"featured_media":0,"parent":0,"menu_order":0,"comment_status":"closed","ping_status":"closed","template":"","meta":{"_eb_attr":"","_joinchat":[],"footnotes":""},"class_list":["post-1794","page","type-page","status-publish","hentry"],"blocksy_meta":{"page_title_panel":"","has_hero_section":"disabled","3d15bb4bba334a243b0125b3bea35be1":"","hero_section":"type-1","hero_elements":[{"id":"custom_title","enabled":true},{"id":"breadcrumbs","enabled":false},{"id":"custom_description","enabled":true,"description_visibility":{"desktop":true,"tablet":true,"mobile":false}},{"id":"custom_meta","enabled":true,"single_meta_elements":{"author":false,"date":false,"categories":false,"comments":false,"updated":false,"tags":false},"page_meta_elements":{"joined":true,"articles_count":true,"comments":true}}],"d313c8e62ef5f1de11b0cefe464d030e":"","hero_alignment1":"left","hero_alignment2":"center","hero_height":"230px","page_title_bg_type":"color","custom_hero_background":{"attachment_id":null},"parallax":{"desktop":false,"tablet":false,"mobile":false},"pageTitleFont":{"family":"Default","variation":"Default","size":{"desktop":"32px","tablet":"30px","mobile":"25px"},"line-height":"1.3","letter-spacing":"CT_CSS_SKIP_RULE","text-transform":"CT_CSS_SKIP_RULE","text-decoration":"CT_CSS_SKIP_RULE"},"pageTitleFontColor":{"default":{"color":"CT_CSS_SKIP_RULEDEFAULT"}},"pageMetaFont":{"family":"Default","variation":"n6","size":{"desktop":"12px","tablet":"12px","mobile":"12px"},"line-height":"1.3","letter-spacing":"CT_CSS_SKIP_RULE","text-transform":"uppercase","text-decoration":"CT_CSS_SKIP_RULE"},"pageMetaFontColor":{"default":{"color":"CT_CSS_SKIP_RULEDEFAULT"},"hover":{"color":"CT_CSS_SKIP_RULEDEFAULT"}},"pageExcerptFont":{"family":"Default","variation":"n5","size":"CT_CSS_SKIP_RULE","line-height":"CT_CSS_SKIP_RULE","letter-spacing":"CT_CSS_SKIP_RULE","text-transform":"CT_CSS_SKIP_RULE","text-decoration":"CT_CSS_SKIP_RULE"},"pageExcerptColor":{"default":{"color":"CT_CSS_SKIP_RULEDEFAULT"}},"breadcrumbsFont":{"family":"Default","variation":"n6","size":"12px","line-height":"CT_CSS_SKIP_RULE","letter-spacing":"CT_CSS_SKIP_RULE","text-transform":"uppercase","text-decoration":"CT_CSS_SKIP_RULE"},"breadcrumbsFontColor":{"default":{"color":"CT_CSS_SKIP_RULEDEFAULT"},"initial":{"color":"CT_CSS_SKIP_RULEDEFAULT"},"hover":{"color":"CT_CSS_SKIP_RULEDEFAULT"}},"pageTitleOverlay":{"default":{"color":"rgba(41, 51, 60, 0.2)"}},"pageTitleBackground":{"background_type":"color","background_pattern":"type-1","background_image":{"attachment_id":null,"x":0,"y":0},"background_repeat":"no-repeat","background_size":"auto","background_attachment":"scroll","patternColor":{"default":{"color":"#e5e7ea"}},"backgroundColor":{"default":{"color":"#EDEFF2"}}},"2e401624050e2b4d7ad96e4de4418ff3":"","page_structure_type":"default","page_enable_vertical_spacing":"no","d80e26b6a2615bd883bfd17d2870971e":"","disable_featured_image":"no","78e71bdf393c3d876f2795e1e5b64b1f":"","51df3030fd71840222bbcdecbc3146d4":"","hero_structure":"narrow","262bdd9221ebae1fdff1994ed7af1075":"","content_style":"inherit","vertical_spacing_source":"custom","content_area_spacing":"none","background":{"background_type":"color","background_pattern":"type-1","background_image":{"attachment_id":null,"x":0,"y":0},"background_repeat":"no-repeat","background_size":"auto","background_attachment":"scroll","patternColor":{"default":{"color":"#e5e7ea"}},"backgroundColor":{"default":{"color":"CT_CSS_SKIP_RULE"}}},"content_background":{"background_type":"color","background_pattern":"type-1","background_image":{"attachment_id":null,"x":0,"y":0},"background_repeat":"no-repeat","background_size":"auto","background_attachment":"scroll","patternColor":{"default":{"color":"#e5e7ea"}},"backgroundColor":{"default":{"color":"#ffffff"}}},"content_boxed_spacing":{"desktop":"40px","tablet":"35px","mobile":"20px"},"content_boxed_radius":{"top":"3px","bottom":"3px","left":"3px","right":"3px","linked":true},"content_boxed_shadow":{"blur":18,"spread":-6,"v_offset":12,"h_offset":0,"inset":false,"enable":true,"color":{"color":"rgba(34, 56, 101, 0.04)"}},"67fd60e80e179b72afa5d6a407e85b29":"","styles_descriptor":{"styles":{"desktop":"","tablet":"","mobile":""},"google_fonts":[],"version":6}},"_links":{"self":[{"href":"https:\/\/test.discoveringamericas.com\/en\/wp-json\/wp\/v2\/pages\/1794","targetHints":{"allow":["GET"]}}],"collection":[{"href":"https:\/\/test.discoveringamericas.com\/en\/wp-json\/wp\/v2\/pages"}],"about":[{"href":"https:\/\/test.discoveringamericas.com\/en\/wp-json\/wp\/v2\/types\/page"}],"author":[{"embeddable":true,"href":"https:\/\/test.discoveringamericas.com\/en\/wp-json\/wp\/v2\/users\/1"}],"replies":[{"embeddable":true,"href":"https:\/\/test.discoveringamericas.com\/en\/wp-json\/wp\/v2\/comments?post=1794"}],"version-history":[{"count":4,"href":"https:\/\/test.discoveringamericas.com\/en\/wp-json\/wp\/v2\/pages\/1794\/revisions"}],"predecessor-version":[{"id":1798,"href":"https:\/\/test.discoveringamericas.com\/en\/wp-json\/wp\/v2\/pages\/1794\/revisions\/1798"}],"wp:attachment":[{"href":"https:\/\/test.discoveringamericas.com\/en\/wp-json\/wp\/v2\/media?parent=1794"}],"curies":[{"name":"wp","href":"https:\/\/api.w.org\/{rel}","templated":true}]}}