{"id":1787,"date":"2026-04-22T16:40:59","date_gmt":"2026-04-22T14:40:59","guid":{"rendered":"https:\/\/test.discoveringamericas.com\/?page_id=1787"},"modified":"2026-04-22T16:57:33","modified_gmt":"2026-04-22T14:57:33","slug":"informacion-practica","status":"publish","type":"page","link":"https:\/\/test.discoveringamericas.com\/en\/informacion-practica\/","title":{"rendered":"informaci\u00f3n pr\u00e1ctica"},"content":{"rendered":"<div data-elementor-type=\"wp-page\" data-elementor-id=\"1787\" class=\"elementor elementor-1787\">\n\t\t\t\t<div class=\"elementor-element elementor-element-75808ff e-flex e-con-boxed e-con e-parent\" data-id=\"75808ff\" data-element_type=\"container\" data-e-type=\"container\">\n\t\t\t\t\t<div class=\"e-con-inner\">\n\t\t\t\t\t\t\t<h2 \n\t\tdata-interaction-id=\"39fdfce\" \n\t\tclass=\"e-39fdfce-c2a06af e-heading-base\" \n\t\t \n\t\t\n\t>\n\t\n\t\t\tINFORMACI\u00d3N PR\u00c1CTICA\n\t\t<\/h2>\n\t\t\t\t\t<\/div>\n\t\t\t\t<\/div>\n\t\t<div class=\"elementor-element elementor-element-7c4b446 e-flex e-con-boxed e-con e-parent\" data-id=\"7c4b446\" data-element_type=\"container\" data-e-type=\"container\">\n\t\t\t\t\t<div class=\"e-con-inner\">\n\t\t\t\t\t\t\t<h2 \n\t\tdata-interaction-id=\"c7a5d77\" \n\t\tclass=\"e-c7a5d77-90fc3a9 e-heading-base\" \n\t\t \n\t\t\n\t>\n\t\n\t\t\t<strong>PARA ECUADOR<\/strong>\n\t\t<\/h2>\n\t\t\t\t\t\t\t<h2 \n\t\tdata-interaction-id=\"39a9de4\" \n\t\tclass=\"e-39a9de4-caf8d06 e-heading-base\" \n\t\t \n\t\t\n\t>\n\t\n\t\t\t<strong>Pasaporte y visa<\/strong>\n\t\t<\/h2>\n\t\t\t\t\t<\/div>\n\t\t\t\t<\/div>\n\t\t<div class=\"elementor-element elementor-element-5f4bbcb e-flex e-con-boxed e-con e-parent\" data-id=\"5f4bbcb\" data-element_type=\"container\" data-e-type=\"container\">\n\t\t\t\t\t<div class=\"e-con-inner\">\n\t\t\t\t\t\t\t\t<p class=\"e-paragraph-base\" data-interaction-id=\"4061a5b\"  >\n\t\t\t\t\t\t\t\tLos visitantes deben estar en posesi\u00f3n de un pasaporte con una validez m\u00ednima de seis meses despu\u00e9s de la fecha de regreso.<br>Notas: Por favor contacte a la Embajada\/Consulado local de Ecuador en su pa\u00eds de residencia.\n\t\t\t\t\t<\/p>\n\t\t\t\t\t\t\t<h2 \n\t\tdata-interaction-id=\"0fc8ab4\" \n\t\tclass=\"e-0fc8ab4-30eea2f e-heading-base\" \n\t\t \n\t\t\n\t>\n\t\n\t\t\t<strong>Seguro<\/strong>\n\t\t<\/h2>\n\t\t\t\t\t\t\t\t<p class=\"e-0c27032-c6e859d e-paragraph-base\" data-interaction-id=\"0c27032\"  >\n\t\t\t\t\t\t\t\tRecomendamos encarecidamente a los pasajeros contratar un seguro de cancelaci\u00f3n de viaje (que reembolsar\u00e1 el coste de los billetes de avi\u00f3n y los pagos no reembolsables del viaje). Tambi\u00e9n recomendamos los siguientes seguros: de vida, m\u00e9dico internacional, de p\u00e9rdida y retraso de equipaje, y de pertenencias personales.<br><strong>Discovering Americas<\/strong>&nbsp;&nbsp;no asume ninguna responsabilidad por objetos personales perdidos o robados durante la duraci\u00f3n del viaje.\n\t\t\t\t\t<\/p>\n\t\t\t\t\t\t\t<h2 \n\t\tdata-interaction-id=\"8d534f7\" \n\t\tclass=\"e-8d534f7-e2d30ce e-heading-base\" \n\t\t \n\t\t\n\t>\n\t\n\t\t\t<strong>Salud<\/strong>\n\t\t<\/h2>\n\t\t\t\t\t\t\t\t<p class=\"e-6247a8a-fac5af8 e-paragraph-base\" data-interaction-id=\"6247a8a\"  >\n\t\t\t\t\t\t\t\t<strong>Vacunas:<\/strong>&nbsp;&nbsp;No se requiere ninguna vacuna para ingresar a Ecuador. Se recomienda consultar con su m\u00e9dico sobre la fiebre amarilla si viaja a la selva amaz\u00f3nica.<br><strong>Mal de Altura<\/strong>&nbsp;:&nbsp;&nbsp;En zonas altas como Quito, Cuenca, Riobamba (2.850m) el mal de altura (dolor de cabeza o nauseas) puede presentarse pero no dura mucho; en lo posible es recomendable subir por escaleras, comer poco (porque la digesti\u00f3n es mas lenta en alturas), tambi\u00e9n se recomienda hidratarse y relajarse al llegar a la altura.&nbsp;<br>Cualquier viajero con problemas card\u00edacos o presi\u00f3n arterial alta debe consultar a su m\u00e9dico antes de iniciar un viaje a los Andes.\n\t\t\t\t\t<\/p>\n\t\t\t\t\t\t\t<h2 \n\t\tdata-interaction-id=\"0fd5d94\" \n\t\tclass=\"e-0fd5d94-0164b06 e-heading-base\" \n\t\t \n\t\t\n\t>\n\t\n\t\t\t<strong>Agua<\/strong>\n\t\t<\/h2>\n\t\t\t\t\t\t\t\t<p class=\"e-d1db636-f01986e e-paragraph-base\" data-interaction-id=\"d1db636\"  >\n\t\t\t\t\t\t\t\tSe recomienda beber agua embotellada durante su estancia en Ecuador. El agua del grifo no es potable y puede causar diarrea y dolor abdominal. Sin embargo, puede usarla para cepillarse los dientes.\n\t\t\t\t\t<\/p>\n\t\t\t\t\t\t\t<h2 \n\t\tdata-interaction-id=\"7b6932c\" \n\t\tclass=\"e-7b6932c-7431ef2 e-heading-base\" \n\t\t \n\t\t\n\t>\n\t\n\t\t\t<strong>Dietas especiales<\/strong>\n\t\t<\/h2>\n\t\t\t\t\t\t\t\t<p class=\"e-12dcfeb-1394dcf e-paragraph-base\" data-interaction-id=\"12dcfeb\"  >\n\t\t\t\t\t\t\t\tSi alg\u00fan pasajero tiene requerimientos diet\u00e9ticos especiales, debemos avisarnos al menos 30 d\u00edas antes de su llegada para poder cumplir con sus solicitudes, seg\u00fan la disponibilidad del producto en Ecuador.<br>Programas de actividades de aventura \u2013 Advertencia<br>La participaci\u00f3n del pasajero en deportes acu\u00e1ticos, snorkel, buceo, kayak, etc., se realiza bajo su propia responsabilidad y requiere la firma de un Acuerdo de Liberaci\u00f3n de Responsabilidad entre ambas partes.\n\t\t\t\t\t<\/p>\n\t\t\t\t\t\t\t<h2 \n\t\tdata-interaction-id=\"2b89963\" \n\t\tclass=\"e-2b89963-2ff136b e-heading-base\" \n\t\t \n\t\t\n\t>\n\t\n\t\t\t<strong>Divisa<\/strong>\n\t\t<\/h2>\n\t\t\t\t\t\t\t\t<p class=\"e-7385045-c8b8c09 e-paragraph-base\" data-interaction-id=\"7385045\"  >\n\t\t\t\t\t\t\t\tLa moneda oficial es el d\u00f3lar estadounidense.<br>En la mayor\u00eda de los pueblos tur\u00edsticos se aceptan tarjetas de cr\u00e9dito como Visa, MasterCard y American Express y tambi\u00e9n hay cajeros autom\u00e1ticos donde se puede retirar dinero en efectivo con estas tarjetas.\n\t\t\t\t\t<\/p>\n\t\t\t\t\t\t\t<h2 \n\t\tdata-interaction-id=\"9c627a7\" \n\t\tclass=\"e-9c627a7-7b6ddd4 e-heading-base\" \n\t\t \n\t\t\n\t>\n\t\n\t\t\t<strong>Zona horaria<\/strong>\n\t\t<\/h2>\n\t\t\t\t\t\t\t\t<p class=\"e-d64d86e-91cb56e e-paragraph-base\" data-interaction-id=\"d64d86e\"  >\n\t\t\t\t\t\t\t\tGMT \u2013 5:00 en Ecuador continental y -6:00 en las Islas Gal\u00e1pagos\n\t\t\t\t\t<\/p>\n\t\t\t\t\t\t\t<h2 \n\t\tdata-interaction-id=\"57b0634\" \n\t\tclass=\"e-57b0634-47e7c48 e-heading-base\" \n\t\t \n\t\t\n\t>\n\t\n\t\t\t<strong>Ropa&nbsp;<\/strong>\n\t\t<\/h2>\n\t\t\t\t\t\t\t\t<p class=\"e-e5e6cb2-8dc6ddc e-paragraph-base\" data-interaction-id=\"e5e6cb2\"  >\n\t\t\t\t\t\t\t\tSe recomienda llevar ropa tanto para climas templados a c\u00e1lidos como para climas fr\u00edos (ver detalles sobre las condiciones m\u00e1s arriba). Tambi\u00e9n se recomienda vestirse por capas.La regi\u00f3n amaz\u00f3nica tiene un clima c\u00e1lido y h\u00famedo; por lo tanto, necesitar\u00e1s ropa ligera, al igual que en la regi\u00f3n costera. &nbsp;Las poblaciones de la regi\u00f3n andina presentan un clima templado a fr\u00edo, seg\u00fan la estaci\u00f3n, seco o lluvioso. Se recomienda llevar ropa de abrigo, aunque a veces llueva tras un d\u00eda soleado. Las noches suelen ser frescas.\n\t\t\t\t\t<\/p>\n\t\t\t\t\t\t\t<h2 \n\t\tdata-interaction-id=\"d496289\" \n\t\tclass=\"e-d496289-db14a23 e-heading-base\" \n\t\t \n\t\t\n\t>\n\t\n\t\t\t<strong>Viajar a Gal\u00e1pagos<\/strong>\n\t\t<\/h2>\n\t\t\t\t\t\t\t\t<p class=\"e-b72eede-9e7bd65 e-paragraph-base\" data-interaction-id=\"b72eede\"  >\n\t\t\t\t\t\t\t\tSe recomienda que los participantes gocen de buena salud y condici\u00f3n f\u00edsica para disfrutar plenamente de un programa en Gal\u00e1pagos. Caminar por terrenos irregulares, embarcar y desembarcar sobre rocas de lava resbaladizas y mojadas, o subir escaleras de yate puede resultar un desaf\u00edo. Para disfrutar al m\u00e1ximo de una aventura en Gal\u00e1pagos, aconsejamos a los pasajeros que realicen ejercicio f\u00edsico para su propia seguridad y disfrute.<br>Si un pasajero padece alguna afecci\u00f3n m\u00e9dica, le recomendamos que consulte a un m\u00e9dico antes de unirse a una expedici\u00f3n a las Gal\u00e1pagos.\n\t\t\t\t\t<\/p>\n\t\t\t\t\t\t\t<h2 \n\t\tdata-interaction-id=\"a766997\" \n\t\tclass=\"e-a766997-44ba72b e-heading-base\" \n\t\t \n\t\t\n\t>\n\t\n\t\t\t<strong>Itinerarios en las Islas Gal\u00e1pagos<\/strong>\n\t\t<\/h2>\n\t\t\t\t\t\t\t\t<p class=\"e-85e3171-a4d1d37 e-paragraph-base\" data-interaction-id=\"85e3171\"  >\n\t\t\t\t\t\t\t\tLos reajustes en las pol\u00edticas del Parque Nacional, razones de seguridad, cambios estacionales y condiciones clim\u00e1ticas pueden requerir cambios en los horarios sin previo aviso. Estas decisiones se toman para brindar seguridad a los visitantes y proteger la fragilidad del medio ambiente.\n\t\t\t\t\t<\/p>\n\t\t\t\t\t\t\t<h2 \n\t\tdata-interaction-id=\"8f6674a\" \n\t\tclass=\"e-8f6674a-b86c6e3 e-heading-base\" \n\t\t \n\t\t\n\t>\n\t\n\t\t\t<strong>Impuestos en Gal\u00e1pagos<\/strong>\n\t\t<\/h2>\n\t\t\t\t\t\t\t\t<p class=\"e-37cd2de-1d99758 e-paragraph-base\" data-interaction-id=\"37cd2de\"  >\n\t\t\t\t\t\t\t\tAl llegar a los aeropuertos (Baltra o San Crist\u00f3bal) en Gal\u00e1pagos, deber\u00e1 pagar impuestos en USD y en efectivo.<br>\u2013 Entrada al Parque Nacional Gal\u00e1pagos (100 USD por persona)*<br>\u2013 La Tarjeta de Control Migratorio (20 USD\/persona)*<br><em>* Las tasas de las Islas Gal\u00e1pagos y\/u otros impuestos est\u00e1n sujetos a cambios sin previo aviso.<\/em>\n\t\t\t\t\t<\/p>\n\t\t\t\t\t\t\t<h2 \n\t\tdata-interaction-id=\"9ef4c57\" \n\t\tclass=\"e-9ef4c57-4cc2084 e-heading-base\" \n\t\t \n\t\t\n\t>\n\t\n\t\t\t<strong>Propinas<\/strong>\n\t\t<\/h2>\n\t\t\t\t\t\t\t\t<p class=\"e-c37bf03-16a6a0c e-paragraph-base\" data-interaction-id=\"c37bf03\"  >\n\t\t\t\t\t\t\t\tCalcule entre 5 y 10 d\u00f3lares por persona y d\u00eda para el gu\u00eda y entre 3 y 5 d\u00f3lares por persona y d\u00eda para el conductor.&nbsp;\n\t\t\t\t\t<\/p>\n\t\t\t\t\t\t\t<h2 \n\t\tdata-interaction-id=\"add207e\" \n\t\tclass=\"e-add207e-e5c0ff6 e-heading-base\" \n\t\t \n\t\t\n\t>\n\t\n\t\t\t<strong>Propinas en los cruceros por las Gal\u00e1pagos<\/strong>\n\t\t<\/h2>\n\t\t\t\t\t\t\t\t<p class=\"e-8ff80fc-f865ccb e-paragraph-base\" data-interaction-id=\"8ff80fc\"  >\n\t\t\t\t\t\t\t\tEn Gal\u00e1pagos, esta pr\u00e1ctica es com\u00fan en todos los cruceros. La cantidad recomendada es de aproximadamente 15 a 18 d\u00f3lares estadounidenses por d\u00eda y por pasajero (8 a 10 d\u00f3lares para el gu\u00eda y 7 a 8 d\u00f3lares para la tripulaci\u00f3n). Esta es una decisi\u00f3n personal que depende de la calidad del servicio recibido por el gu\u00eda y la tripulaci\u00f3n.\n\t\t\t\t\t<\/p>\n\t\t\t\t\t<\/div>\n\t\t\t\t<\/div>\n\t\t\t\t<\/div>","protected":false},"excerpt":{"rendered":"<p>INFORMACI\u00d3N PR\u00c1CTICA PARA ECUADOR Pasaporte y visa Los visitantes deben estar en posesi\u00f3n de un pasaporte con una validez m\u00ednima de seis meses despu\u00e9s de la fecha de regreso.Notas: Por favor contacte a la Embajada\/Consulado local de Ecuador en su pa\u00eds de residencia. Seguro Recomendamos encarecidamente a los pasajeros contratar un seguro de cancelaci\u00f3n de [&hellip;]<\/p>\n","protected":false},"author":1,"featured_media":0,"parent":0,"menu_order":0,"comment_status":"closed","ping_status":"closed","template":"","meta":{"_eb_attr":"","_joinchat":[],"footnotes":""},"class_list":["post-1787","page","type-page","status-publish","hentry"],"blocksy_meta":{"page_title_panel":"","has_hero_section":"disabled","3d15bb4bba334a243b0125b3bea35be1":"","hero_section":"type-1","hero_elements":[{"id":"custom_title","enabled":true},{"id":"breadcrumbs","enabled":false},{"id":"custom_description","enabled":true,"description_visibility":{"desktop":true,"tablet":true,"mobile":false}},{"id":"custom_meta","enabled":true,"single_meta_elements":{"author":false,"date":false,"categories":false,"comments":false,"updated":false,"tags":false},"page_meta_elements":{"joined":true,"articles_count":true,"comments":true}}],"d313c8e62ef5f1de11b0cefe464d030e":"","hero_alignment1":"left","hero_alignment2":"center","hero_height":"230px","page_title_bg_type":"color","custom_hero_background":{"attachment_id":null},"parallax":{"desktop":false,"tablet":false,"mobile":false},"pageTitleFont":{"family":"Default","variation":"Default","size":{"desktop":"32px","tablet":"30px","mobile":"25px"},"line-height":"1.3","letter-spacing":"CT_CSS_SKIP_RULE","text-transform":"CT_CSS_SKIP_RULE","text-decoration":"CT_CSS_SKIP_RULE"},"pageTitleFontColor":{"default":{"color":"CT_CSS_SKIP_RULEDEFAULT"}},"pageMetaFont":{"family":"Default","variation":"n6","size":{"desktop":"12px","tablet":"12px","mobile":"12px"},"line-height":"1.3","letter-spacing":"CT_CSS_SKIP_RULE","text-transform":"uppercase","text-decoration":"CT_CSS_SKIP_RULE"},"pageMetaFontColor":{"default":{"color":"CT_CSS_SKIP_RULEDEFAULT"},"hover":{"color":"CT_CSS_SKIP_RULEDEFAULT"}},"pageExcerptFont":{"family":"Default","variation":"n5","size":"CT_CSS_SKIP_RULE","line-height":"CT_CSS_SKIP_RULE","letter-spacing":"CT_CSS_SKIP_RULE","text-transform":"CT_CSS_SKIP_RULE","text-decoration":"CT_CSS_SKIP_RULE"},"pageExcerptColor":{"default":{"color":"CT_CSS_SKIP_RULEDEFAULT"}},"breadcrumbsFont":{"family":"Default","variation":"n6","size":"12px","line-height":"CT_CSS_SKIP_RULE","letter-spacing":"CT_CSS_SKIP_RULE","text-transform":"uppercase","text-decoration":"CT_CSS_SKIP_RULE"},"breadcrumbsFontColor":{"default":{"color":"CT_CSS_SKIP_RULEDEFAULT"},"initial":{"color":"CT_CSS_SKIP_RULEDEFAULT"},"hover":{"color":"CT_CSS_SKIP_RULEDEFAULT"}},"pageTitleOverlay":{"default":{"color":"rgba(41, 51, 60, 0.2)"}},"pageTitleBackground":{"background_type":"color","background_pattern":"type-1","background_image":{"attachment_id":null,"x":0,"y":0},"background_repeat":"no-repeat","background_size":"auto","background_attachment":"scroll","patternColor":{"default":{"color":"#e5e7ea"}},"backgroundColor":{"default":{"color":"#EDEFF2"}}},"2e401624050e2b4d7ad96e4de4418ff3":"","page_structure_type":"default","page_enable_vertical_spacing":"no","d80e26b6a2615bd883bfd17d2870971e":"","disable_featured_image":"no","78e71bdf393c3d876f2795e1e5b64b1f":"","51df3030fd71840222bbcdecbc3146d4":"","hero_structure":"narrow","262bdd9221ebae1fdff1994ed7af1075":"","content_style":"inherit","vertical_spacing_source":"custom","content_area_spacing":"none","background":{"background_type":"color","background_pattern":"type-1","background_image":{"attachment_id":null,"x":0,"y":0},"background_repeat":"no-repeat","background_size":"auto","background_attachment":"scroll","patternColor":{"default":{"color":"#e5e7ea"}},"backgroundColor":{"default":{"color":"CT_CSS_SKIP_RULE"}}},"content_background":{"background_type":"color","background_pattern":"type-1","background_image":{"attachment_id":null,"x":0,"y":0},"background_repeat":"no-repeat","background_size":"auto","background_attachment":"scroll","patternColor":{"default":{"color":"#e5e7ea"}},"backgroundColor":{"default":{"color":"#ffffff"}}},"content_boxed_spacing":{"desktop":"40px","tablet":"35px","mobile":"20px"},"content_boxed_radius":{"top":"3px","bottom":"3px","left":"3px","right":"3px","linked":true},"content_boxed_shadow":{"blur":18,"spread":-6,"v_offset":12,"h_offset":0,"inset":false,"enable":true,"color":{"color":"rgba(34, 56, 101, 0.04)"}},"67fd60e80e179b72afa5d6a407e85b29":"","styles_descriptor":{"styles":{"desktop":"","tablet":"","mobile":""},"google_fonts":[],"version":6}},"_links":{"self":[{"href":"https:\/\/test.discoveringamericas.com\/en\/wp-json\/wp\/v2\/pages\/1787","targetHints":{"allow":["GET"]}}],"collection":[{"href":"https:\/\/test.discoveringamericas.com\/en\/wp-json\/wp\/v2\/pages"}],"about":[{"href":"https:\/\/test.discoveringamericas.com\/en\/wp-json\/wp\/v2\/types\/page"}],"author":[{"embeddable":true,"href":"https:\/\/test.discoveringamericas.com\/en\/wp-json\/wp\/v2\/users\/1"}],"replies":[{"embeddable":true,"href":"https:\/\/test.discoveringamericas.com\/en\/wp-json\/wp\/v2\/comments?post=1787"}],"version-history":[{"count":5,"href":"https:\/\/test.discoveringamericas.com\/en\/wp-json\/wp\/v2\/pages\/1787\/revisions"}],"predecessor-version":[{"id":1792,"href":"https:\/\/test.discoveringamericas.com\/en\/wp-json\/wp\/v2\/pages\/1787\/revisions\/1792"}],"wp:attachment":[{"href":"https:\/\/test.discoveringamericas.com\/en\/wp-json\/wp\/v2\/media?parent=1787"}],"curies":[{"name":"wp","href":"https:\/\/api.w.org\/{rel}","templated":true}]}}