{"id":1594,"date":"2026-04-17T18:28:09","date_gmt":"2026-04-17T16:28:09","guid":{"rendered":"https:\/\/test.discoveringamericas.com\/?page_id=1594"},"modified":"2026-04-21T19:20:23","modified_gmt":"2026-04-21T17:20:23","slug":"destinos","status":"publish","type":"page","link":"https:\/\/test.discoveringamericas.com\/en\/destinos\/","title":{"rendered":"DESTINATIONS"},"content":{"rendered":"\t\t<div data-elementor-type=\"wp-page\" data-elementor-id=\"1594\" class=\"elementor elementor-1594\">\n\t\t\t\t\t\t<section class=\"elementor-section elementor-top-section elementor-element elementor-element-0717564 ct-section-stretched elementor-section-boxed elementor-section-height-default elementor-section-height-default\" data-id=\"0717564\" data-element_type=\"section\" data-e-type=\"section\" data-settings=\"{&quot;background_background&quot;:&quot;slideshow&quot;,&quot;background_slideshow_gallery&quot;:[{&quot;id&quot;:1532,&quot;url&quot;:&quot;https:\\\/\\\/test.discoveringamericas.com\\\/wp-content\\\/uploads\\\/2026\\\/04\\\/Sin-titulo-1-54.png&quot;},{&quot;id&quot;:1439,&quot;url&quot;:&quot;https:\\\/\\\/test.discoveringamericas.com\\\/wp-content\\\/uploads\\\/2026\\\/04\\\/Sin-titulo-1-23.png&quot;},{&quot;id&quot;:1484,&quot;url&quot;:&quot;https:\\\/\\\/test.discoveringamericas.com\\\/wp-content\\\/uploads\\\/2026\\\/04\\\/Sin-titulo-1-44.png&quot;}],&quot;background_slideshow_slide_transition&quot;:&quot;slide_left&quot;,&quot;background_slideshow_transition_duration&quot;:300,&quot;background_slideshow_loop&quot;:&quot;yes&quot;,&quot;background_slideshow_slide_duration&quot;:5000}\">\n\t\t\t\t\t\t\t<div class=\"elementor-background-overlay\"><\/div>\n\t\t\t\t\t\t\t<div class=\"elementor-container elementor-column-gap-default\">\n\t\t\t\t\t<div class=\"elementor-column elementor-col-100 elementor-top-column elementor-element elementor-element-fd58751\" data-id=\"fd58751\" data-element_type=\"column\" data-e-type=\"column\">\n\t\t\t<div class=\"elementor-widget-wrap elementor-element-populated\">\n\t\t\t\t\t\t<div class=\"elementor-element elementor-element-be03177 elementor-invisible elementor-widget elementor-widget-heading\" data-id=\"be03177\" data-element_type=\"widget\" data-e-type=\"widget\" data-settings=\"{&quot;_animation&quot;:&quot;fadeIn&quot;}\" data-widget_type=\"heading.default\">\n\t\t\t\t\t<h2 class=\"elementor-heading-title elementor-size-default\">Destinos<\/h2>\t\t\t\t<\/div>\n\t\t\t\t<div class=\"elementor-element elementor-element-75d494f elementor-widget__width-initial elementor-widget-tablet__width-inherit elementor-invisible elementor-widget elementor-widget-text-editor\" data-id=\"75d494f\" data-element_type=\"widget\" data-e-type=\"widget\" data-settings=\"{&quot;_animation&quot;:&quot;fadeIn&quot;}\" data-widget_type=\"text-editor.default\">\n\t\t\t\t\t\t\t\t\t<p>Conoce nuevos paisajes y culturas en cada destino<\/p>\t\t\t\t\t\t\t\t<\/div>\n\t\t\t\t\t<\/div>\n\t\t<\/div>\n\t\t\t\t\t<\/div>\n\t\t<\/section>\n\t\t\t\t<section class=\"elementor-section elementor-top-section elementor-element elementor-element-7171754 elementor-reverse-tablet elementor-reverse-mobile elementor-section-boxed elementor-section-height-default elementor-section-height-default\" data-id=\"7171754\" data-element_type=\"section\" data-e-type=\"section\">\n\t\t\t\t\t\t<div class=\"elementor-container elementor-column-gap-no\">\n\t\t\t\t\t<div class=\"elementor-column elementor-col-50 elementor-top-column elementor-element elementor-element-796f318\" data-id=\"796f318\" data-element_type=\"column\" data-e-type=\"column\" data-settings=\"{&quot;background_background&quot;:&quot;classic&quot;}\">\n\t\t\t<div class=\"elementor-widget-wrap elementor-element-populated\">\n\t\t\t\t\t\t<div class=\"elementor-element elementor-element-f489451 elementor-widget elementor-widget-heading\" data-id=\"f489451\" data-element_type=\"widget\" data-e-type=\"widget\" data-widget_type=\"heading.default\">\n\t\t\t\t\t<h2 class=\"elementor-heading-title elementor-size-default\">Gal\u00e1pagos<\/h2>\t\t\t\t<\/div>\n\t\t\t\t<div class=\"elementor-element elementor-element-f6f41bb elementor-widget elementor-widget-text-editor\" data-id=\"f6f41bb\" data-element_type=\"widget\" data-e-type=\"widget\" data-widget_type=\"text-editor.default\">\n\t\t\t\t\t\t\t\t\t<p class=\"p1\">Las <span class=\"hover:entity-accent entity-underline inline cursor-pointer align-baseline\"><span class=\"whitespace-normal\">Islas Gal\u00e1pagos<\/span><\/span> son un destino tur\u00edstico \u00fanico en el mundo, ubicadas en el oc\u00e9ano Pac\u00edfico a unos 1.000 km de la costa de <span class=\"hover:entity-accent entity-underline inline cursor-pointer align-baseline\"><span class=\"whitespace-normal\">Ecuador<\/span><\/span>. Destacan por su incre\u00edble biodiversidad, paisajes volc\u00e1nicos y ecosistemas preservados que las convierten en un para\u00edso natural incomparable.<\/p>\t\t\t\t\t\t\t\t<\/div>\n\t\t\t\t<div class=\"elementor-element elementor-element-ac89911 elementor-mobile-align-center elementor-widget elementor-widget-button\" data-id=\"ac89911\" data-element_type=\"widget\" data-e-type=\"widget\" data-widget_type=\"button.default\">\n\t\t\t\t\t\t\t\t\t\t<a class=\"elementor-button elementor-button-link elementor-size-lg\" href=\"\/galapagos\/\">\n\t\t\t\t\t\t<span class=\"elementor-button-content-wrapper\">\n\t\t\t\t\t\t\t\t\t<span class=\"elementor-button-text\">Visitar<\/span>\n\t\t\t\t\t<\/span>\n\t\t\t\t\t<\/a>\n\t\t\t\t\t\t\t\t<\/div>\n\t\t\t\t\t<\/div>\n\t\t<\/div>\n\t\t\t\t<div class=\"elementor-column elementor-col-50 elementor-top-column elementor-element elementor-element-b3fec97\" data-id=\"b3fec97\" data-element_type=\"column\" data-e-type=\"column\" data-settings=\"{&quot;background_background&quot;:&quot;slideshow&quot;,&quot;background_slideshow_gallery&quot;:[{&quot;id&quot;:1619,&quot;url&quot;:&quot;https:\\\/\\\/test.discoveringamericas.com\\\/wp-content\\\/uploads\\\/2026\\\/04\\\/Sin-titulo-1-82.png&quot;},{&quot;id&quot;:1620,&quot;url&quot;:&quot;https:\\\/\\\/test.discoveringamericas.com\\\/wp-content\\\/uploads\\\/2026\\\/04\\\/Sin-titulo-2-11.png&quot;},{&quot;id&quot;:1621,&quot;url&quot;:&quot;https:\\\/\\\/test.discoveringamericas.com\\\/wp-content\\\/uploads\\\/2026\\\/04\\\/Sin-titulo-2-12.png&quot;},{&quot;id&quot;:1622,&quot;url&quot;:&quot;https:\\\/\\\/test.discoveringamericas.com\\\/wp-content\\\/uploads\\\/2026\\\/04\\\/Sin-titulo-2-13.png&quot;},{&quot;id&quot;:1623,&quot;url&quot;:&quot;https:\\\/\\\/test.discoveringamericas.com\\\/wp-content\\\/uploads\\\/2026\\\/04\\\/Sin-titulo-2-14.png&quot;}],&quot;background_slideshow_slide_duration&quot;:2000,&quot;background_slideshow_loop&quot;:&quot;yes&quot;,&quot;background_slideshow_slide_transition&quot;:&quot;fade&quot;,&quot;background_slideshow_transition_duration&quot;:500}\">\n\t\t\t<div class=\"elementor-widget-wrap elementor-element-populated\">\n\t\t\t\t\t\t<div class=\"elementor-element elementor-element-349f96e elementor-widget elementor-widget-spacer\" data-id=\"349f96e\" data-element_type=\"widget\" data-e-type=\"widget\" data-widget_type=\"spacer.default\">\n\t\t\t\t\t\t\t<div class=\"elementor-spacer\">\n\t\t\t<div class=\"elementor-spacer-inner\"><\/div>\n\t\t<\/div>\n\t\t\t\t\t\t<\/div>\n\t\t\t\t\t<\/div>\n\t\t<\/div>\n\t\t\t\t\t<\/div>\n\t\t<\/section>\n\t\t\t\t<section class=\"elementor-section elementor-top-section elementor-element elementor-element-6bd8a48 elementor-reverse-tablet elementor-reverse-mobile elementor-section-boxed elementor-section-height-default elementor-section-height-default\" data-id=\"6bd8a48\" data-element_type=\"section\" data-e-type=\"section\">\n\t\t\t\t\t\t<div class=\"elementor-container elementor-column-gap-no\">\n\t\t\t\t\t<div class=\"elementor-column elementor-col-50 elementor-top-column elementor-element elementor-element-a0e7824\" data-id=\"a0e7824\" data-element_type=\"column\" data-e-type=\"column\" data-settings=\"{&quot;background_background&quot;:&quot;slideshow&quot;,&quot;background_slideshow_gallery&quot;:[{&quot;id&quot;:1624,&quot;url&quot;:&quot;https:\\\/\\\/test.discoveringamericas.com\\\/wp-content\\\/uploads\\\/2026\\\/04\\\/Sin-titulo-2-15.png&quot;},{&quot;id&quot;:1625,&quot;url&quot;:&quot;https:\\\/\\\/test.discoveringamericas.com\\\/wp-content\\\/uploads\\\/2026\\\/04\\\/Sin-titulo-2-16.png&quot;},{&quot;id&quot;:1626,&quot;url&quot;:&quot;https:\\\/\\\/test.discoveringamericas.com\\\/wp-content\\\/uploads\\\/2026\\\/04\\\/Sin-titulo-2-17.png&quot;},{&quot;id&quot;:1627,&quot;url&quot;:&quot;https:\\\/\\\/test.discoveringamericas.com\\\/wp-content\\\/uploads\\\/2026\\\/04\\\/Sin-titulo-2-18.png&quot;},{&quot;id&quot;:1453,&quot;url&quot;:&quot;https:\\\/\\\/test.discoveringamericas.com\\\/wp-content\\\/uploads\\\/2026\\\/04\\\/Sin-titulo-1-33.png&quot;}],&quot;background_slideshow_slide_duration&quot;:2000,&quot;background_slideshow_loop&quot;:&quot;yes&quot;,&quot;background_slideshow_slide_transition&quot;:&quot;fade&quot;,&quot;background_slideshow_transition_duration&quot;:500}\">\n\t\t\t<div class=\"elementor-widget-wrap elementor-element-populated\">\n\t\t\t\t\t\t<div class=\"elementor-element elementor-element-dd9ca4d elementor-widget elementor-widget-spacer\" data-id=\"dd9ca4d\" data-element_type=\"widget\" data-e-type=\"widget\" data-widget_type=\"spacer.default\">\n\t\t\t\t\t\t\t<div class=\"elementor-spacer\">\n\t\t\t<div class=\"elementor-spacer-inner\"><\/div>\n\t\t<\/div>\n\t\t\t\t\t\t<\/div>\n\t\t\t\t\t<\/div>\n\t\t<\/div>\n\t\t\t\t<div class=\"elementor-column elementor-col-50 elementor-top-column elementor-element elementor-element-1f261b5\" data-id=\"1f261b5\" data-element_type=\"column\" data-e-type=\"column\" data-settings=\"{&quot;background_background&quot;:&quot;classic&quot;}\">\n\t\t\t<div class=\"elementor-widget-wrap elementor-element-populated\">\n\t\t\t\t\t\t<div class=\"elementor-element elementor-element-31795e8 elementor-widget elementor-widget-heading\" data-id=\"31795e8\" data-element_type=\"widget\" data-e-type=\"widget\" data-widget_type=\"heading.default\">\n\t\t\t\t\t<h2 class=\"elementor-heading-title elementor-size-default\">Ecuador<\/h2>\t\t\t\t<\/div>\n\t\t\t\t<div class=\"elementor-element elementor-element-a5ccb91 elementor-widget elementor-widget-text-editor\" data-id=\"a5ccb91\" data-element_type=\"widget\" data-e-type=\"widget\" data-widget_type=\"text-editor.default\">\n\t\t\t\t\t\t\t\t\t<p class=\"p1\"><span class=\"hover:entity-accent entity-underline inline cursor-pointer align-baseline\"><span class=\"whitespace-normal\">Ecuador<\/span><\/span> es un destino tur\u00edstico diverso y fascinante, donde se combinan paisajes \u00fanicos que van desde playas tropicales y monta\u00f1as andinas hasta selva amaz\u00f3nica y culturas llenas de historia. Su riqueza natural y cultural lo convierten en un pa\u00eds ideal para vivir experiencias inolvidables en un solo lugar.<\/p>\t\t\t\t\t\t\t\t<\/div>\n\t\t\t\t<div class=\"elementor-element elementor-element-1998fd2 elementor-mobile-align-center elementor-widget elementor-widget-button\" data-id=\"1998fd2\" data-element_type=\"widget\" data-e-type=\"widget\" data-widget_type=\"button.default\">\n\t\t\t\t\t\t\t\t\t\t<a class=\"elementor-button elementor-button-link elementor-size-lg\" href=\"\/ecuador\/\">\n\t\t\t\t\t\t<span class=\"elementor-button-content-wrapper\">\n\t\t\t\t\t\t\t\t\t<span class=\"elementor-button-text\">Visitar<\/span>\n\t\t\t\t\t<\/span>\n\t\t\t\t\t<\/a>\n\t\t\t\t\t\t\t\t<\/div>\n\t\t\t\t\t<\/div>\n\t\t<\/div>\n\t\t\t\t\t<\/div>\n\t\t<\/section>\n\t\t\t\t<section class=\"elementor-section elementor-top-section elementor-element elementor-element-a1ef161 elementor-reverse-tablet elementor-reverse-mobile elementor-section-boxed elementor-section-height-default elementor-section-height-default\" data-id=\"a1ef161\" data-element_type=\"section\" data-e-type=\"section\">\n\t\t\t\t\t\t<div class=\"elementor-container elementor-column-gap-no\">\n\t\t\t\t\t<div class=\"elementor-column elementor-col-50 elementor-top-column elementor-element elementor-element-6233456\" data-id=\"6233456\" data-element_type=\"column\" data-e-type=\"column\" data-settings=\"{&quot;background_background&quot;:&quot;classic&quot;}\">\n\t\t\t<div class=\"elementor-widget-wrap elementor-element-populated\">\n\t\t\t\t\t\t<div class=\"elementor-element elementor-element-50a0db6 elementor-widget elementor-widget-heading\" data-id=\"50a0db6\" data-element_type=\"widget\" data-e-type=\"widget\" data-widget_type=\"heading.default\">\n\t\t\t\t\t<h2 class=\"elementor-heading-title elementor-size-default\">Per\u00fa y Bolivia<\/h2>\t\t\t\t<\/div>\n\t\t\t\t<div class=\"elementor-element elementor-element-af689f8 elementor-widget elementor-widget-text-editor\" data-id=\"af689f8\" data-element_type=\"widget\" data-e-type=\"widget\" data-widget_type=\"text-editor.default\">\n\t\t\t\t\t\t\t\t\t<p data-start=\"0\" data-end=\"246\"><span class=\"hover:entity-accent entity-underline inline cursor-pointer align-baseline\"><span class=\"whitespace-normal\">Per\u00fa<\/span><\/span> es un destino tur\u00edstico fascinante que combina historia milenaria, paisajes impresionantes y una cultura vibrante, desde los Andes hasta la Amazon\u00eda, ofreciendo experiencias \u00fanicas para todo tipo de viajeros.<\/p><p data-start=\"248\" data-end=\"489\" data-is-last-node=\"\" data-is-only-node=\"\"><span class=\"hover:entity-accent entity-underline inline cursor-pointer align-baseline\"><span class=\"whitespace-normal\">Bolivia<\/span><\/span> destaca por su autenticidad y diversidad natural, con escenarios \u00fanicos como salares, monta\u00f1as y selvas, adem\u00e1s de una rica herencia cultural que lo convierte en un destino lleno de aventura y tradici\u00f3n.<\/p>\t\t\t\t\t\t\t\t<\/div>\n\t\t\t\t<div class=\"elementor-element elementor-element-c3336a3 elementor-mobile-align-center elementor-widget elementor-widget-button\" data-id=\"c3336a3\" data-element_type=\"widget\" data-e-type=\"widget\" data-widget_type=\"button.default\">\n\t\t\t\t\t\t\t\t\t\t<a class=\"elementor-button elementor-button-link elementor-size-lg\" href=\"\/peru-y-bolivia\/\">\n\t\t\t\t\t\t<span class=\"elementor-button-content-wrapper\">\n\t\t\t\t\t\t\t\t\t<span class=\"elementor-button-text\">Visitar<\/span>\n\t\t\t\t\t<\/span>\n\t\t\t\t\t<\/a>\n\t\t\t\t\t\t\t\t<\/div>\n\t\t\t\t\t<\/div>\n\t\t<\/div>\n\t\t\t\t<div class=\"elementor-column elementor-col-50 elementor-top-column elementor-element elementor-element-a0a022d\" data-id=\"a0a022d\" data-element_type=\"column\" data-e-type=\"column\" data-settings=\"{&quot;background_background&quot;:&quot;slideshow&quot;,&quot;background_slideshow_gallery&quot;:[{&quot;id&quot;:1549,&quot;url&quot;:&quot;https:\\\/\\\/test.discoveringamericas.com\\\/wp-content\\\/uploads\\\/2026\\\/04\\\/Sin-titulo-1-60.png&quot;},{&quot;id&quot;:1551,&quot;url&quot;:&quot;https:\\\/\\\/test.discoveringamericas.com\\\/wp-content\\\/uploads\\\/2026\\\/04\\\/Sin-titulo-1-62.png&quot;},{&quot;id&quot;:1550,&quot;url&quot;:&quot;https:\\\/\\\/test.discoveringamericas.com\\\/wp-content\\\/uploads\\\/2026\\\/04\\\/Sin-titulo-1-61.png&quot;},{&quot;id&quot;:1548,&quot;url&quot;:&quot;https:\\\/\\\/test.discoveringamericas.com\\\/wp-content\\\/uploads\\\/2026\\\/04\\\/Sin-titulo-1-59.png&quot;},{&quot;id&quot;:1547,&quot;url&quot;:&quot;https:\\\/\\\/test.discoveringamericas.com\\\/wp-content\\\/uploads\\\/2026\\\/04\\\/Sin-titulo-1-58.png&quot;},{&quot;id&quot;:1543,&quot;url&quot;:&quot;https:\\\/\\\/test.discoveringamericas.com\\\/wp-content\\\/uploads\\\/2026\\\/04\\\/Sin-titulo-1-55.png&quot;}],&quot;background_slideshow_slide_duration&quot;:2000,&quot;background_slideshow_loop&quot;:&quot;yes&quot;,&quot;background_slideshow_slide_transition&quot;:&quot;fade&quot;,&quot;background_slideshow_transition_duration&quot;:500}\">\n\t\t\t<div class=\"elementor-widget-wrap elementor-element-populated\">\n\t\t\t\t\t\t<div class=\"elementor-element elementor-element-d76bb20 elementor-widget elementor-widget-spacer\" data-id=\"d76bb20\" data-element_type=\"widget\" data-e-type=\"widget\" data-widget_type=\"spacer.default\">\n\t\t\t\t\t\t\t<div class=\"elementor-spacer\">\n\t\t\t<div class=\"elementor-spacer-inner\"><\/div>\n\t\t<\/div>\n\t\t\t\t\t\t<\/div>\n\t\t\t\t\t<\/div>\n\t\t<\/div>\n\t\t\t\t\t<\/div>\n\t\t<\/section>\n\t\t\t\t<section class=\"elementor-section elementor-top-section elementor-element elementor-element-c61378b elementor-reverse-tablet elementor-reverse-mobile elementor-section-boxed elementor-section-height-default elementor-section-height-default\" data-id=\"c61378b\" data-element_type=\"section\" data-e-type=\"section\">\n\t\t\t\t\t\t<div class=\"elementor-container elementor-column-gap-no\">\n\t\t\t\t\t<div class=\"elementor-column elementor-col-50 elementor-top-column elementor-element elementor-element-5a6f283\" data-id=\"5a6f283\" data-element_type=\"column\" data-e-type=\"column\" data-settings=\"{&quot;background_background&quot;:&quot;slideshow&quot;,&quot;background_slideshow_gallery&quot;:[{&quot;id&quot;:1587,&quot;url&quot;:&quot;https:\\\/\\\/test.discoveringamericas.com\\\/wp-content\\\/uploads\\\/2026\\\/04\\\/Sin-titulo-1-78.png&quot;},{&quot;id&quot;:1584,&quot;url&quot;:&quot;https:\\\/\\\/test.discoveringamericas.com\\\/wp-content\\\/uploads\\\/2026\\\/04\\\/Sin-titulo-1-75.png&quot;},{&quot;id&quot;:1576,&quot;url&quot;:&quot;https:\\\/\\\/test.discoveringamericas.com\\\/wp-content\\\/uploads\\\/2026\\\/04\\\/Sin-titulo-1-67.png&quot;},{&quot;id&quot;:1628,&quot;url&quot;:&quot;https:\\\/\\\/test.discoveringamericas.com\\\/wp-content\\\/uploads\\\/2026\\\/04\\\/Sin-titulo-2-19.png&quot;},{&quot;id&quot;:1629,&quot;url&quot;:&quot;https:\\\/\\\/test.discoveringamericas.com\\\/wp-content\\\/uploads\\\/2026\\\/04\\\/Sin-titulo-2-20.png&quot;}],&quot;background_slideshow_slide_duration&quot;:2000,&quot;background_slideshow_loop&quot;:&quot;yes&quot;,&quot;background_slideshow_slide_transition&quot;:&quot;fade&quot;,&quot;background_slideshow_transition_duration&quot;:500}\">\n\t\t\t<div class=\"elementor-widget-wrap elementor-element-populated\">\n\t\t\t\t\t\t<div class=\"elementor-element elementor-element-ceab8c7 elementor-widget elementor-widget-spacer\" data-id=\"ceab8c7\" data-element_type=\"widget\" data-e-type=\"widget\" data-widget_type=\"spacer.default\">\n\t\t\t\t\t\t\t<div class=\"elementor-spacer\">\n\t\t\t<div class=\"elementor-spacer-inner\"><\/div>\n\t\t<\/div>\n\t\t\t\t\t\t<\/div>\n\t\t\t\t\t<\/div>\n\t\t<\/div>\n\t\t\t\t<div class=\"elementor-column elementor-col-50 elementor-top-column elementor-element elementor-element-79db2a0\" data-id=\"79db2a0\" data-element_type=\"column\" data-e-type=\"column\" data-settings=\"{&quot;background_background&quot;:&quot;classic&quot;}\">\n\t\t\t<div class=\"elementor-widget-wrap elementor-element-populated\">\n\t\t\t\t\t\t<div class=\"elementor-element elementor-element-3fdc3ad elementor-widget elementor-widget-heading\" data-id=\"3fdc3ad\" data-element_type=\"widget\" data-e-type=\"widget\" data-widget_type=\"heading.default\">\n\t\t\t\t\t<h2 class=\"elementor-heading-title elementor-size-default\">Colombia<\/h2>\t\t\t\t<\/div>\n\t\t\t\t<div class=\"elementor-element elementor-element-2180464 elementor-widget elementor-widget-text-editor\" data-id=\"2180464\" data-element_type=\"widget\" data-e-type=\"widget\" data-widget_type=\"text-editor.default\">\n\t\t\t\t\t\t\t\t\t<p class=\"p1\"><span class=\"hover:entity-accent entity-underline inline cursor-pointer align-baseline\"><span class=\"whitespace-normal\">Colombia<\/span><\/span> es un destino tur\u00edstico vibrante y diverso, donde se combinan playas caribe\u00f1as, selvas exuberantes y ciudades llenas de historia y cultura, ofreciendo experiencias \u00fanicas llenas de color, m\u00fasica y tradici\u00f3n. Adem\u00e1s, su gente c\u00e1lida y su gastronom\u00eda variada hacen que cada visita sea a\u00fan m\u00e1s memorable.<\/p>\t\t\t\t\t\t\t\t<\/div>\n\t\t\t\t<div class=\"elementor-element elementor-element-1fa93d7 elementor-mobile-align-center elementor-widget elementor-widget-button\" data-id=\"1fa93d7\" data-element_type=\"widget\" data-e-type=\"widget\" data-widget_type=\"button.default\">\n\t\t\t\t\t\t\t\t\t\t<a class=\"elementor-button elementor-button-link elementor-size-lg\" href=\"\/colombia\/\">\n\t\t\t\t\t\t<span class=\"elementor-button-content-wrapper\">\n\t\t\t\t\t\t\t\t\t<span class=\"elementor-button-text\">Visitar<\/span>\n\t\t\t\t\t<\/span>\n\t\t\t\t\t<\/a>\n\t\t\t\t\t\t\t\t<\/div>\n\t\t\t\t\t<\/div>\n\t\t<\/div>\n\t\t\t\t\t<\/div>\n\t\t<\/section>\n\t\t\t\t<\/div>\n\t\t","protected":false},"excerpt":{"rendered":"<p>Massa sed elementum tempus egestas sed sed risus. Risus at ultrices mi tempus imperdiet nulla malesuada pellentesque elit.<\/p>","protected":false},"author":1,"featured_media":0,"parent":0,"menu_order":0,"comment_status":"closed","ping_status":"closed","template":"","meta":{"_eb_attr":"","_joinchat":[],"footnotes":""},"class_list":["post-1594","page","type-page","status-publish","hentry"],"blocksy_meta":{"page_title_panel":"","has_hero_section":"disabled","8dde94b88eca81613eaf41e6e63df8f3":"","hero_section":"type-1","hero_elements":[{"id":"custom_title","enabled":true},{"id":"breadcrumbs","enabled":false},{"id":"custom_description","enabled":true,"description_visibility":{"desktop":true,"tablet":true,"mobile":false}},{"id":"custom_meta","enabled":true,"single_meta_elements":{"author":false,"date":false,"categories":false,"comments":false,"updated":false,"tags":false},"page_meta_elements":{"joined":true,"articles_count":true,"comments":true}}],"b57ca4d32122654dfac08b0b6ccf6716":"","hero_alignment1":"left","hero_alignment2":"center","hero_height":"230px","page_title_bg_type":"color","custom_hero_background":{"attachment_id":null},"parallax":{"desktop":false,"tablet":false,"mobile":false},"pageTitleFont":{"family":"Default","variation":"Default","size":{"desktop":"32px","tablet":"30px","mobile":"25px"},"line-height":"1.3","letter-spacing":"CT_CSS_SKIP_RULE","text-transform":"CT_CSS_SKIP_RULE","text-decoration":"CT_CSS_SKIP_RULE"},"pageTitleFontColor":{"default":{"color":"CT_CSS_SKIP_RULEDEFAULT"}},"pageMetaFont":{"family":"Default","variation":"n6","size":{"desktop":"12px","tablet":"12px","mobile":"12px"},"line-height":"1.3","letter-spacing":"CT_CSS_SKIP_RULE","text-transform":"uppercase","text-decoration":"CT_CSS_SKIP_RULE"},"pageMetaFontColor":{"default":{"color":"CT_CSS_SKIP_RULEDEFAULT"},"hover":{"color":"CT_CSS_SKIP_RULEDEFAULT"}},"pageExcerptFont":{"family":"Default","variation":"n5","size":"CT_CSS_SKIP_RULE","line-height":"CT_CSS_SKIP_RULE","letter-spacing":"CT_CSS_SKIP_RULE","text-transform":"CT_CSS_SKIP_RULE","text-decoration":"CT_CSS_SKIP_RULE"},"pageExcerptColor":{"default":{"color":"CT_CSS_SKIP_RULEDEFAULT"}},"breadcrumbsFont":{"family":"Default","variation":"n6","size":"12px","line-height":"CT_CSS_SKIP_RULE","letter-spacing":"CT_CSS_SKIP_RULE","text-transform":"uppercase","text-decoration":"CT_CSS_SKIP_RULE"},"breadcrumbsFontColor":{"default":{"color":"CT_CSS_SKIP_RULEDEFAULT"},"initial":{"color":"CT_CSS_SKIP_RULEDEFAULT"},"hover":{"color":"CT_CSS_SKIP_RULEDEFAULT"}},"pageTitleOverlay":{"default":{"color":"rgba(41, 51, 60, 0.2)"}},"pageTitleBackground":{"background_type":"color","background_pattern":"type-1","background_image":{"attachment_id":null,"x":0,"y":0},"background_repeat":"no-repeat","background_size":"auto","background_attachment":"scroll","patternColor":{"default":{"color":"#e5e7ea"}},"backgroundColor":{"default":{"color":"#EDEFF2"}}},"30bd3d82d44c93ff512d385983934a8d":"","page_structure_type":"default","page_enable_vertical_spacing":"no","918019aae6b81bb57706ceeb2d06236b":"","disable_featured_image":"no","73fc40c930f9a5400d833b8700298f2f":"","d36a9c10c230eaf6c86b3a0408a49909":"","hero_structure":"narrow","9858ffa93290afa8ac31a0a3802db0eb":"","content_style":"inherit","vertical_spacing_source":"custom","content_area_spacing":"none","background":{"background_type":"color","background_pattern":"type-1","background_image":{"attachment_id":null,"x":0,"y":0},"background_repeat":"no-repeat","background_size":"auto","background_attachment":"scroll","patternColor":{"default":{"color":"#e5e7ea"}},"backgroundColor":{"default":{"color":"CT_CSS_SKIP_RULE"}}},"content_background":{"background_type":"color","background_pattern":"type-1","background_image":{"attachment_id":null,"x":0,"y":0},"background_repeat":"no-repeat","background_size":"auto","background_attachment":"scroll","patternColor":{"default":{"color":"#e5e7ea"}},"backgroundColor":{"default":{"color":"#ffffff"}}},"content_boxed_spacing":{"desktop":"40px","tablet":"35px","mobile":"20px"},"content_boxed_radius":{"top":"3px","bottom":"3px","left":"3px","right":"3px","linked":true},"content_boxed_shadow":{"blur":18,"spread":-6,"v_offset":12,"h_offset":0,"inset":false,"enable":true,"color":{"color":"rgba(34, 56, 101, 0.04)"}},"c7e3411feaaade2bd72c8d8c1b2029c1":"","styles_descriptor":{"styles":{"desktop":"","tablet":"","mobile":""},"google_fonts":[],"version":6}},"_links":{"self":[{"href":"https:\/\/test.discoveringamericas.com\/en\/wp-json\/wp\/v2\/pages\/1594","targetHints":{"allow":["GET"]}}],"collection":[{"href":"https:\/\/test.discoveringamericas.com\/en\/wp-json\/wp\/v2\/pages"}],"about":[{"href":"https:\/\/test.discoveringamericas.com\/en\/wp-json\/wp\/v2\/types\/page"}],"author":[{"embeddable":true,"href":"https:\/\/test.discoveringamericas.com\/en\/wp-json\/wp\/v2\/users\/1"}],"replies":[{"embeddable":true,"href":"https:\/\/test.discoveringamericas.com\/en\/wp-json\/wp\/v2\/comments?post=1594"}],"version-history":[{"count":41,"href":"https:\/\/test.discoveringamericas.com\/en\/wp-json\/wp\/v2\/pages\/1594\/revisions"}],"predecessor-version":[{"id":1769,"href":"https:\/\/test.discoveringamericas.com\/en\/wp-json\/wp\/v2\/pages\/1594\/revisions\/1769"}],"wp:attachment":[{"href":"https:\/\/test.discoveringamericas.com\/en\/wp-json\/wp\/v2\/media?parent=1594"}],"curies":[{"name":"wp","href":"https:\/\/api.w.org\/{rel}","templated":true}]}}